{"id":1690,"date":"2023-10-05T18:50:01","date_gmt":"2023-10-05T16:50:01","guid":{"rendered":"http:\/\/luxcar.md\/inchiriere-masini-clasa-business-2\/"},"modified":"2025-10-17T21:32:49","modified_gmt":"2025-10-17T19:32:49","slug":"arenda-minivehna","status":"publish","type":"page","link":"https:\/\/luxcar.md\/ru\/arenda-minivehna\/","title":{"rendered":"\u0410\u0440\u0435\u043d\u0434\u0430 \u043c\u0438\u043d\u0438\u0432\u044d\u043d\u0430 \u0438 \u043c\u0438\u043a\u0440\u043e\u0430\u0432\u0442\u043e\u0431\u0443\u0441\u043e\u0432 \u0432 \u041a\u0438\u0448\u0438\u043d\u0435\u0432\u0435 \u0438 \u041c\u043e\u043b\u0434\u043e\u0432\u0435"},"content":{"rendered":"<div id=\"services\" class=\"vc_row wpb_row vc_row-fluid om-container vc_row-full-width\"><div class=\"om-container\"><div class=\"wpb_column vc_column_container vc_col-sm-12\"><div class=\"vc_column-inner\"><div class=\"wpb_wrapper\">\n\t<div class=\"wpb_text_column wpb_content_element\" >\n\t\t<div class=\"wpb_wrapper\">\n\t\t\t<h1 style=\"font-weight: 400;\"><strong>\u0410\u0440\u0435\u043d\u0434\u0430 \u043c\u0438\u043d\u0438\u0432\u044d\u043d\u043e\u0432 \u0438 \u043c\u0438\u043a\u0440\u043e\u0430\u0432\u0442\u043e\u0431\u0443\u0441\u043e\u0432 \u0432 \u041a\u0438\u0448\u0438\u043d\u0435\u0432\u0435 \u0438 \u041c\u043e\u043b\u0434\u043e\u0432\u0435<\/strong><\/h1>\n<p style=\"font-weight: 400;\">\u0412 \u043e\u0442\u0434\u0435\u043b\u044c\u043d\u044b\u0445 \u0441\u043b\u0443\u0447\u0430\u044f\u0445 \u043b\u0435\u0433\u0447\u0435 \u0432\u043e\u0441\u043f\u043e\u043b\u044c\u0437\u043e\u0432\u0430\u0442\u044c\u0441\u044f \u043d\u0435 \u0441\u0432\u043e\u0435\u0439 \u043c\u0430\u0448\u0438\u043d\u043e\u0439, \u0430 \u0432\u0437\u044f\u0442\u044c \u0432 \u0430\u0440\u0435\u043d\u0434\u0443 \u0430\u0432\u0442\u043e. \u041f\u0440\u043e\u043a\u0430\u0442 \u043c\u0438\u043d\u0438\u0432\u044d\u043d\u0430, \u043c\u0438\u043a\u0440\u043e\u0431\u0430 \u0438\u043b\u0438 \u043a\u043e\u043c\u043c\u0435\u0440\u0447\u0435\u0441\u043a\u043e\u0433\u043e \u0442\u0440\u0430\u043d\u0441\u043f\u043e\u0440\u0442\u0430 \u0443\u043c\u0435\u0441\u0442\u0435\u043d \u0438 \u043a\u043e\u0442\u043e\u0440\u044b\u0435 \u043f\u0440\u043e\u0441\u0442\u043e-\u043d\u0430\u043f\u0440\u043e\u0441\u0442\u043e \u043d\u0435 \u0438\u043c\u0435\u044e\u0442 \u0441\u043e\u0431\u0441\u0442\u0432\u0435\u043d\u043d\u043e\u0439 \u043c\u0430\u0448\u0438\u043d\u044b \u0434\u043b\u044f \u043f\u0435\u0440\u0435\u043c\u0435\u0449\u0435\u043d\u0438\u044f \u043f\u043e \u0433\u043e\u0440\u043e\u0434\u0430\u043c \u041a\u0438\u0448\u0438\u043d\u0435\u0432, \u0411\u0435\u043b\u044c\u0446\u044b, \u041a\u043e\u043c\u0440\u0430\u0442, \u041a\u0430\u0433\u0443\u043b. \u0422\u0435\u043c, \u0443 \u043a\u043e\u0433\u043e \u0435\u0441\u0442\u044c \u0434\u043e\u043a\u0443\u043c\u0435\u043d\u0442 \u043d\u0430 \u043f\u0440\u0430\u0432\u043e \u0432\u043e\u0436\u0434\u0435\u043d\u0438\u044f, \u0442\u0440\u0430\u043d\u0441\u043f\u043e\u0440\u0442\u0430 \u0441\u043e\u043e\u0442\u0432\u0435\u0442\u0441\u0442\u0432\u0443\u044e\u0449\u0435\u0439 \u043a\u0430\u0442\u0435\u0433\u043e\u0440\u0438\u0438 \u043f\u0440\u0435\u0434\u043b\u0430\u0433\u0430\u0435\u0442\u0441\u044f \u0430\u0440\u0435\u043d\u0434\u0430 \u043c\u0438\u043d\u0438\u0432\u044d\u043d\u0430, \u043c\u0438\u043a\u0440\u043e\u0431\u0430 \u0438\u043b\u0438 \u043a\u043e\u043c\u043c\u0435\u0440\u0447\u0435\u0441\u043a\u043e\u0433\u043e \u0430\u0432\u0442\u043e \u0431\u0435\u0437 \u0432\u043e\u0434\u0438\u0442\u0435\u043b\u044f, \u043d\u0430\u0441\u0447\u0438\u0442\u044b\u0432\u0430\u044e\u0449\u0435\u0433\u043e 7, 8 \u0438\u043b\u0438 9 \u043f\u043e\u0441\u0430\u0434\u043e\u0447\u043d\u044b\u0445 \u043c\u0435\u0441\u0442.<\/p>\n<p style=\"font-weight: 400;\" class=\"translation-block\">\u041f\u0440\u0435\u0438\u043c\u0443\u0449\u0435\u0441\u0442\u0432\u0430 <a href=\"\/ru\/arenda-avto-bez-voditelya\/\" target=\"_self\">\u0430\u0440\u0435\u043d\u0434\u044b \u043c\u0438\u043a\u0440\u043e\u0430\u0432\u0442\u043e\u0431\u0443\u0441\u0430 \u0431\u0435\u0437 \u0432\u043e\u0434\u0438\u0442\u0435\u043b\u044f<\/a> \u044f\u0441\u043d\u044b \u0438 \u043e\u0447\u0435\u0432\u0438\u0434\u043d\u044b:<\/p>\n<ul>\n<li style=\"font-weight: 400;\">\u0412\u044b\u0433\u043e\u0434\u043d\u0430\u044f \u0441\u0442\u043e\u0438\u043c\u043e\u0441\u0442\u044c (\u043c\u0435\u043d\u044c\u0448\u0435, \u0447\u0435\u043c \u0430\u0440\u0435\u043d\u0434\u0430 \u0441 \u0448\u043e\u0444\u0435\u0440\u043e\u043c)<\/li>\n<li style=\"font-weight: 400;\">\u041c\u0430\u043a\u0441\u0438\u043c\u0430\u043b\u044c\u043d\u0430\u044f \u0432\u043c\u0435\u0441\u0442\u0438\u043c\u043e\u0441\u0442\u044c, \u0443\u0447\u0438\u0442\u044b\u0432\u0430\u044f \u0434\u0430\u0436\u0435 7, 8 \u0438\u043b\u0438 9 \u043f\u0430\u0441\u0441\u0430\u0436\u0438\u0440\u0441\u043a\u0438\u0445 \u043c\u0435\u0441\u0442 \u0441 \u0440\u0430\u0437\u043c\u0435\u0441\u0442\u0438\u0432\u0448\u0438\u043c\u0438\u0441\u044f \u043f\u043e\u043b\u044c\u0437\u043e\u0432\u0430\u0442\u0435\u043b\u044f\u043c\u0438.<\/li>\n<li style=\"font-weight: 400;\">\u0412 \u0437\u0430\u043c\u043a\u043d\u0443\u0442\u043e\u043c \u043f\u0440\u043e\u0441\u0442\u0440\u0430\u043d\u0441\u0442\u0432\u0435 \u0441\u0430\u043b\u043e\u043d\u0430 \u0430\u0432\u0442\u043e \u0440\u044f\u0434\u043e\u043c \u043d\u0435\u0442 \u043d\u0435\u0437\u043d\u0430\u043a\u043e\u043c\u043e\u0433\u043e \u043b\u0438\u0446\u0430.<\/li>\n<li style=\"font-weight: 400;\">\u041f\u0440\u0430\u0432\u043e \u0438\u0437\u043c\u0435\u043d\u0435\u043d\u0438\u044f \u0437\u0430\u043f\u043b\u0430\u043d\u0438\u0440\u043e\u0432\u0430\u043d\u043d\u043e\u0433\u043e \u043c\u0430\u0440\u0448\u0440\u0443\u0442\u043d\u043e\u0433\u043e \u043b\u0438\u0441\u0442\u0430 \u0432\u044b\u0431\u043e\u0440\u0430 \u0438 \u0441\u043e\u0431\u0441\u0442\u0432\u0435\u043d\u043d\u043e\u0433\u043e \u043f\u043b\u0430\u043d\u0430 \u043f\u043e\u0435\u0437\u0434\u043a\u0438.<\/li>\n<li style=\"font-weight: 400;\">\u041d\u0430\u0441\u0442\u0440\u043e\u0435\u043d\u0438\u0435 \u0432 \u0440\u0435\u0439\u0441\u0435 \u0431\u0443\u0434\u0435\u0442 \u0440\u0430\u0441\u043a\u043e\u0432\u0430\u043d\u043d\u0435\u0435, \u0440\u0430\u0437\u0433\u043e\u0432\u043e\u0440\u044b \u0441 \u0441\u043e\u0431\u0435\u0441\u0435\u0434\u043d\u0438\u043a\u0430\u043c\u0438 \u043d\u0435\u043f\u043e\u0441\u0440\u0435\u0434\u0441\u0442\u0432\u0435\u043d\u043d\u0435\u0435. \u0422\u0430\u043a\u0436\u0435, \u043a \u043f\u0440\u043e\u043a\u0430\u0442\u0443 \u043c\u043e\u0436\u043d\u043e \u043e\u0442\u043d\u0435\u0441\u0442\u0438\u0442\u044c \u043a\u0430\u043a \u043a \u043e\u0440\u0438\u0433\u0438\u043d\u0430\u043b\u044c\u043d\u043e\u043c\u0443 \u0442\u0435\u0441\u0442\u0438\u0440\u043e\u0432\u0430\u043d\u0438\u044e, \u0438\u0441\u043f\u044b\u0442\u0430\u043d\u0438\u044e \u043c\u0430\u0448\u0438\u043d\u044b \u043e\u043f\u0440\u0435\u0434\u0435\u043b\u0435\u043d\u043d\u043e\u0439 \u043a\u0430\u0442\u0435\u0433\u043e\u0440\u0438\u0438, \u0432 \u0441\u043b\u0443\u0447\u0430\u0435 \u0435\u0441\u043b\u0438 \u043f\u0440\u0435\u0434\u043f\u043e\u043b\u0430\u0433\u0430\u0435\u0442\u0441\u044f \u043f\u043e\u043a\u0443\u043f\u043a\u0430 \u044d\u0442\u043e\u0433\u043e \u0430\u0432\u0442\u043e\u043c\u043e\u0431\u0438\u043b\u044f.<\/li>\n<\/ul>\n<h2 style=\"font-weight: 400;\"><strong>\u041a\u0430\u043a\u0438\u0435 \u0442\u0440\u0430\u043d\u0441\u043f\u043e\u0440\u0442\u043d\u044b\u0435 \u0441\u0440\u0435\u0434\u0441\u0442\u0432\u0430, \u043c\u0438\u043a\u0440\u043e\u0431\u0443\u0441\u044b \u0438 \u043c\u0438\u043d\u0438\u0432\u044d\u043d\u044b \u0432 \u0430\u0440\u0435\u043d\u0434\u0443 \u043c\u044b \u043f\u0440\u0435\u0434\u043e\u0441\u0442\u0430\u0432\u043b\u044f\u0435\u043c?<\/strong><\/h2>\n<p style=\"font-weight: 400;\">\u0410\u0440\u0435\u043d\u0434\u0430 \u043c\u0438\u043d\u0438\u0432\u044d\u043d\u0430, \u043c\u0438\u043a\u0440\u043e\u0431\u0443\u0441\u0430 \u0438\u043b\u0438 \u043a\u043e\u043c\u043c\u0435\u0440\u0447\u0435\u0441\u043a\u043e\u0433\u043e \u0442\u0440\u0430\u043d\u0441\u043f\u043e\u0440\u0442\u0430 \u0431\u0435\u0437 \u0432\u043e\u0434\u0438\u0442\u0435\u043b\u044f - \u0431\u043b\u0430\u0433\u043e\u043f\u0440\u0438\u044f\u0442\u043d\u044b\u0439 \u0441\u043b\u0443\u0447\u0430\u0439 \u0432\u043e\u0441\u0441\u0442\u0430\u043d\u043e\u0432\u0438\u0442\u044c \u043e\u043f\u044b\u0442 \u0432\u043e\u0436\u0434\u0435\u043d\u0438\u044f \u0430\u0432\u0442\u043e\u043c\u043e\u0431\u0438\u043b\u044f \u0432 \u041c\u043e\u043b\u0434\u043e\u0432\u0435.<\/p>\n<p style=\"font-weight: 400;\">\u0423 \u043d\u0430\u0441 \u043c\u043e\u0436\u043d\u043e \u043d\u0435\u0434\u043e\u0440\u043e\u0433\u043e \u0441\u043d\u044f\u0442\u044c \u0432 \u0430\u0440\u0435\u043d\u0434\u0443 \u0430\u0432\u0442\u043e \u043d\u0430 7, 8 \u0438 9 \u043f\u043e\u0441\u0430\u0434\u043e\u0447\u043d\u044b\u0445 \u043c\u0435\u0441\u0442 \u0432 \u0441\u043e\u043e\u0442\u0432\u0435\u0442\u0441\u0442\u0432\u0443\u044e\u0449\u0435\u043c \u043f\u043e\u0440\u044f\u0434\u043a\u0435:<\/p>\n<ul>\n<li style=\"font-weight: 400;\">Mercedes Viano<\/li>\n<li style=\"font-weight: 400;\">Mercedes V220D<\/li>\n<li style=\"font-weight: 400;\">Mercedes Vito<\/li>\n<\/ul>\n<p style=\"font-weight: 400;\" class=\"translation-block\">\u042d\u043a\u0441\u043f\u043b\u0443\u0430\u0442\u0430\u0446\u0438\u044f \u0430\u0432\u0442\u043e\u043c\u043e\u0431\u0438\u043b\u044f \u0432 \u0442\u0435\u0447\u0435\u043d\u0438\u0435 \u043d\u0435\u0441\u043a\u043e\u043b\u044c\u043a\u0438\u0445 \u0441\u0443\u0442\u043e\u043a \u043e\u0447\u0435\u043d\u044c \u043f\u0440\u0430\u043a\u0442\u0438\u0447\u043d\u0430 \u0438 \u044d\u043a\u043e\u043d\u043e\u043c\u0438\u0447\u043d\u0430, \u0442\u0430\u043a \u043a\u0430\u043a \u044d\u0442\u043e \u043d\u0435\u0434\u043e\u0440\u043e\u0433\u043e, \u043d\u0435\u0442 \u043d\u0435\u043e\u0431\u0445\u043e\u0434\u0438\u043c\u043e\u0441\u0442\u0438 \u0434\u0443\u043c\u0430\u0442\u044c \u043e \u0442\u0435\u0445\u043e\u0431\u0441\u043b\u0443\u0436\u0438\u0432\u0430\u043d\u0438\u0438, \u0440\u0435\u043c\u043e\u043d\u0442\u043d\u044b\u0445 \u0440\u0430\u0431\u043e\u0442\u0430\u0445, \u043f\u0430\u0440\u043a\u043e\u0432\u043e\u0447\u043d\u043e\u043c \u043c\u0435\u0441\u0442\u0435 \u0438 \u0430\u0432\u0442\u043e\u0441\u0442\u043e\u044f\u043d\u043a\u0435. \u0412 \u041c\u043e\u043b\u0434\u043e\u0432\u0435 \u0430\u0440\u0435\u043d\u0434\u0430 \u043c\u0438\u043d\u0438\u0432\u044d\u043d\u0430, \u043c\u0438\u043a\u0440\u043e\u0431\u0443\u0441\u0430 \u0438\u043b\u0438 \u043a\u043e\u043c\u043c\u0435\u0440\u0447\u0435\u0441\u043a\u043e\u0433\u043e \u0430\u0432\u0442\u043e \u043d\u0430 7 \u043c\u0435\u0441\u0442 \u0440\u0430\u0441\u0441\u0447\u0438\u0442\u0430\u043d\u0430 \u043d\u0430 \u043b\u044e\u0431\u044b\u0435 \u0442\u0440\u0435\u0431\u043e\u0432\u0430\u043d\u0438\u044f, \u0438\u043d\u0442\u0435\u0440\u0435\u0441\u044b, \u0436\u0435\u043b\u0430\u043d\u0438\u044f \u0438 \u0444\u0438\u043d\u0430\u043d\u0441\u043e\u0432\u044b\u0435 \u0440\u0435\u0441\u0443\u0440\u0441\u044b. \u042d\u0442\u043e \u0434\u0435\u0448\u0435\u0432\u0430\u044f \u0438 <a href=\"\/ru\/arenda-avto-deshevo-kishinev\/\" target=\"_self\">\u0434\u043e\u0441\u0442\u0443\u043f\u043d\u0430\u044f \u0430\u0440\u0435\u043d\u0434\u0430<\/a>.<\/p>\n<h2 style=\"font-weight: 400;\"><strong>\u041a\u043e\u0433\u0434\u0430 \u0432\u044b\u0433\u043e\u0434\u043d\u0435\u0435 \u0441\u043d\u044f\u0442\u044c \u0432 \u0430\u0440\u0435\u043d\u0434\u0443 \u043c\u0438\u043d\u0438\u0432\u044d\u043d \u0432 \u041c\u043e\u043b\u0434\u043e\u0432\u0435?<\/strong><\/h2>\n<p style=\"font-weight: 400;\">\u0426\u0435\u043b\u0435\u0441\u043e\u043e\u0431\u0440\u0430\u0437\u043d\u043e \u0437\u0430\u043a\u0430\u0437\u0430\u0442\u044c \u043c\u0438\u043d\u0438\u0432\u044d\u043d \u0432 \u0430\u0440\u0435\u043d\u0434\u0443 \u043d\u0430 \u0441\u0432\u0430\u0434\u044c\u0431\u0443, \u0432 \u044d\u043a\u0441\u043a\u0443\u0440\u0441\u0438\u044e, \u043f\u0440\u0438 \u043f\u0435\u0440\u0435\u0441\u0435\u043b\u0435\u043d\u0438\u0438 \u0432 \u0434\u0440\u0443\u0433\u043e\u0439 \u0434\u043e\u043c, \u0434\u043b\u044f \u043f\u0435\u0440\u0435\u0432\u043e\u0437\u043a\u0438 \u0433\u0440\u0443\u0437\u043e\u0432, \u0442\u044f\u0436\u0435\u043b\u044b\u0445 \u043f\u0440\u0435\u0434\u043c\u0435\u0442\u043e\u0432 \u0438 \u043e\u0431\u044a\u0435\u043c\u043d\u044b\u0445 \u0432\u0435\u0449\u0435\u0439. \u0415\u0441\u043b\u0438 \u0441\u043e\u0431\u0441\u0442\u0432\u0435\u043d\u043d\u044b\u0439 \u0430\u0432\u0442\u043e\u043c\u043e\u0431\u0438\u043b\u044c \u0432 \u0440\u0435\u043c\u043e\u043d\u0442\u0435, \u0430 \u043f\u0435\u0440\u0435\u0434\u0432\u0438\u0433\u0430\u0442\u044c\u0441\u044f \u0432 \u043e\u0431\u0449\u0435\u0441\u0442\u0432\u0435\u043d\u043d\u043e\u043c \u0442\u0440\u0430\u043d\u0441\u043f\u043e\u0440\u0442\u0435 \u0437\u0430\u0442\u0440\u0443\u0434\u043d\u0438\u0442\u0435\u043b\u044c\u043d\u043e, \u0441\u0430\u043c\u043e\u0435 \u043f\u0440\u043e\u0441\u0442\u043e\u0435 \u0440\u0435\u0448\u0435\u043d\u0438\u0435 - \u0430\u0440\u0435\u043d\u0434\u0430 \u0431\u0443\u0441\u0430.<\/p>\n<p style=\"font-weight: 400;\" class=\"translation-block\">\u0412\u0440\u0435\u043c\u044f \u043e\u0442 \u0432\u0440\u0435\u043c\u0435\u043d\u0438 \u043d\u0435\u043e\u0431\u0445\u043e\u0434\u0438\u043c\u043e \u0441\u043d\u044f\u0442\u044c \u043d\u0435\u0434\u043e\u0440\u043e\u0433\u043e \u0432 \u043f\u0440\u043e\u043a\u0430\u0442 \u043c\u0438\u043a\u0440\u043e\u0430\u0432\u0442\u043e\u0431\u0443\u0441 \u0432\u0437\u0430\u043c\u0435\u043d \u043a\u0440\u0443\u043f\u043d\u043e\u0433\u043e \u0442\u0440\u0430\u043d\u0441\u043f\u043e\u0440\u0442\u0430, \u0440\u0430\u0441\u043f\u043e\u043b\u043e\u0436\u0435\u043d\u043d\u043e\u0433\u043e \u0432 \u043f\u0430\u0440\u043a\u0435 \u0430\u0432\u0442\u043e\u0441\u0430\u043b\u043e\u043d\u0430.<\/p>\n<p style=\"font-weight: 400;\">\u041f\u0440\u0430\u0432\u0438\u043b\u0430 \u0437\u0430\u043a\u043b\u044e\u0447\u0435\u043d\u0438\u044f \u0434\u043e\u0433\u043e\u0432\u043e\u0440\u0430 \u043f\u0440\u043e\u0441\u0442\u044b \u0438 \u043e\u0431\u044b\u0447\u043d\u044b: \u043f\u0440\u0435\u0434\u043e\u0441\u0442\u0430\u0432\u043b\u0435\u043d\u0438\u0435 \u0431\u0443\u043b\u0435\u0442\u0438\u043d\u0430 \u0438\u043b\u0438 \u043f\u0430\u0441\u043f\u043e\u0440\u0442\u0430 (\u0434\u043b\u044f \u0438\u043d\u043e\u0441\u0442\u0440\u0430\u043d\u043d\u044b\u0445 \u0433\u0440\u0430\u0436\u0434\u0430\u043d), \u0432\u043e\u0434\u0438\u0442\u0435\u043b\u044c\u0441\u043a\u043e\u0433\u043e \u0443\u0434\u043e\u0441\u0442\u043e\u0432\u0435\u0440\u0435\u043d\u0438\u044f \u0441\u043e\u043e\u0442\u0432\u0435\u0442\u0441\u0442\u0432\u0443\u044e\u0449\u0435\u0439 \u043a\u0430\u0442\u0435\u0433\u043e\u0440\u0438\u0438, \u043f\u0435\u0440\u0435\u0434\u0430\u0447\u0430 \u0441\u0443\u043c\u043c\u044b \u0437\u0430\u043b\u043e\u0433\u0430. \u041f\u0435\u0440\u0435\u0432\u043e\u0434 \u0441\u0440\u0435\u0434\u0441\u0442\u0432 \u0438 \u0440\u0430\u0441\u0447\u0435\u0442 \u0434\u0435\u043b\u0430\u0435\u0442\u0441\u044f \u0431\u0430\u043d\u043a\u043e\u0432\u0441\u043a\u0438\u043c\u0438 \u043a\u0430\u0440\u0442\u0430\u043c\u0438, \u044d\u043b\u0435\u043a\u0442\u0440\u043e\u043d\u043d\u044b\u043c\u0438 \u0441\u0438\u0441\u0442\u0435\u043c\u0430\u043c\u0438 \u043f\u043b\u0430\u0442\u0435\u0436\u0435\u0439 \u0438 \u043d\u0430\u043b\u0438\u0447\u043d\u044b\u043c\u0438 \u0434\u0435\u043d\u044c\u0433\u0430\u043c\u0438.<\/p>\n<p style=\"font-weight: 400;\">\u041f\u0440\u0438 \u043b\u044e\u0431\u043e\u043c \u0440\u0430\u0441\u043a\u043b\u0430\u0434\u0435, \u0446\u0435\u043d\u0430 \u0430\u0440\u0435\u043d\u0434\u044b \u043c\u0430\u0440\u0448\u0440\u0443\u0442\u043a\u0438 \u043d\u0435\u0434\u043e\u0440\u043e\u0433\u0430\u044f \u0438 \u043d\u0430\u043f\u0440\u044f\u043c\u0443\u044e \u0437\u0430\u0432\u0438\u0441\u0438\u0442 \u043e\u0442 \u0432\u0438\u0434\u0430 \u0442\u0440\u0430\u043d\u0441\u043f\u043e\u0440\u0442\u0430 \u0438 \u0441\u0440\u043e\u043a\u0430 \u0438\u0441\u043f\u043e\u043b\u044c\u0437\u043e\u0432\u0430\u043d\u0438\u044f. \u041f\u0435\u0440\u0438\u043e\u0434 \u0432\u0440\u0435\u043c\u0435\u043d\u0438 \u043e\u0431\u0433\u043e\u0432\u0430\u0440\u0438\u0432\u0430\u0435\u0442\u0441\u044f \u043d\u0430 \u043c\u0435\u0441\u0442\u0435: \u043e\u0442 2-3 \u0447\u0430\u0441\u043e\u0432 \u0438 \u0431\u043e\u043b\u0435\u0435 (\u0434\u0435\u043d\u044c, \u0441\u0443\u0442\u043a\u0438, \u043d\u0435\u0434\u0435\u043b\u044f, \u043c\u0435\u0441\u044f\u0446, \u0433\u043e\u0434). \u0414\u043e\u0441\u0442\u0443\u043f\u043d\u0430 \u043f\u0440\u043e\u0433\u0440\u0430\u043c\u043c\u0430 \u043b\u043e\u044f\u043b\u044c\u043d\u043e\u0441\u0442\u0438 \u0438 \u0443\u0447\u0430\u0441\u0442\u0438\u0435 \u0432 \u0430\u043a\u0446\u0438\u044f\u0445. \u041f\u0440\u0435\u0434\u043e\u0441\u0442\u0430\u0432\u043b\u044f\u044e\u0442\u0441\u044f \u043f\u0440\u0438\u044f\u0442\u043d\u044b\u0435 \u0431\u043e\u043d\u0443\u0441\u044b \u0438 \u0441\u0443\u0449\u0435\u0441\u0442\u0432\u0435\u043d\u043d\u044b\u0435 \u0441\u043a\u0438\u0434\u043a\u0438.<\/p>\n<div dir=\"auto\">\n<p class=\"translation-block\">\u0414\u043e\u0431\u0440\u043e \u043f\u043e\u0436\u0430\u043b\u043e\u0432\u0430\u0442\u044c \u043a \u043d\u0430\u043c \u0432 \u0441\u0430\u043b\u043e\u043d. \u041f\u0440\u0438\u0433\u043b\u0430\u0448\u0430\u0435\u043c \u0412\u0430\u0441 \u043f\u043e\u0447\u0443\u0432\u0441\u0442\u0432\u043e\u0432\u0430\u0442\u044c \u043c\u0430\u043a\u0441\u0438\u043c\u0443\u043c \u0443\u0434\u043e\u0431\u0441\u0442\u0432 \u0438 \u043f\u043e\u043b\u043d\u044b\u0439 \u043a\u043e\u043c\u0444\u043e\u0440\u0442, \u043f\u0440\u0435\u0434\u043b\u0430\u0433\u0430\u0435\u043c\u044b\u0435 \u043a\u043e\u043c\u043f\u0430\u043d\u0438\u0435\u0439 \u00abLuxcar.md\u00bb, \u043f\u0440\u0438 \u0430\u0440\u0435\u043d\u0434\u0435 \u0430\u0432\u0442\u043e <a href=\"\/ru\/dolgosrochnaya-arenda-avto\/\" target=\"_self\">\u043d\u0430 \u0434\u043e\u043b\u0433\u0438\u0439 \u0441\u0440\u043e\u043a<\/a> \u0432 \u041a\u0438\u0448\u0438\u043d\u0435\u0432\u0435.<\/p>\n<\/div>\n\n\t\t<\/div>\n\t<\/div>\n<div class=\"vc_empty_space\"   style=\"height: 40px\"><span class=\"vc_empty_space_inner\"><\/span><\/div><\/div><\/div><\/div><\/div><\/div><div id=\"locations\" class=\"vc_row wpb_row vc_row-fluid om-container vc_row-full-width vc_row-stretch-content vc_row-no-padding\"><div class=\"om-container\"><div class=\"wpb_column vc_column_container vc_col-sm-12\"><div class=\"vc_column-inner\"><div class=\"wpb_wrapper\">\t<div class=\"vc_om-rental-locations\" >\n\t\t<div class=\"om-rental-locations__header\">\n\t\t\t<div class=\"om-container\">\n\t\t\t\t<div class=\"om-rental-locations__header-inner om-container__inner\">\n\t\t\t\t\t\t\t\t\t\t\t<h3 class=\"om-rental-locations__title\">\u0413\u0434\u0435 \u0430\u0440\u0435\u043d\u0434\u043e\u0432\u0430\u0442\u044c \u0430\u0432\u0442\u043e<\/h3>\n\t\t\t\t\t\t\t\t\t\t<div class=\"om-rental-locations__selector\">\n\t\t\t\t\t\t<select class=\"om-rental-locations__select\">\n\t\t\t\t\t\t<option value=\"17\" data-address=\"Bulevardul Dacia 80\/3, Chi\u0219in\u0103u 2026, Moldova\" data-geo-lat=\"46.93530319550861\" data-geo-lng=\"28.935473949709824\">Chisinau Airport<\/option><option value=\"18\" data-address=\"Str. Arborilor 19, Chi\u0219in\u0103u, Moldova\" data-geo-lat=\"47.00439568587144\" data-geo-lng=\"28.841308099999996\">Strada Burebista 17, Chi\u0219in\u0103u, Moldova<\/option>\t\t\t\t\t\t<\/select>\n\t\t\t\t\t<\/div>\n\t\t\t\t<\/div>\n\t\t\t<\/div>\n\t\t<\/div>\n\t\t<div class=\"om-rental-locations__map\" style=\"height:370px\" data-map-zoom=\"16\" data-map-marker=\"https:\/\/luxcar.md\/wp-content\/themes\/wheelsberry\/img\/map-marker.png\"><\/div>\n\t<\/div>\n\t<\/div><\/div><\/div><\/div><\/div><div id=\"testimonials\" class=\"vc_row wpb_row vc_row-fluid om-container vc_custom_1470247299737 vc_row-has-fill vc_row-full-width\"><div class=\"om-container\"><div class=\"wpb_column vc_column_container vc_col-sm-12\"><div class=\"vc_column-inner\"><div class=\"wpb_wrapper\"><div class=\"vc_empty_space\"   style=\"height: 40px\"><span class=\"vc_empty_space_inner\"><\/span><\/div><h2  style=\"text-align: center\" class=\"vc_custom_heading\" >\u0427\u0442\u043e \u0433\u043e\u0432\u043e\u0440\u044f\u0442 \u043e \u043d\u0430\u0441 \u043a\u043b\u0438\u0435\u043d\u0442\u044b?<\/h2><div class=\"vc_om-testimonials wpb_content_element owl-carousel\"><div class=\"om-testimonials__item\"><div class=\"om-testimonials__content\"><p>A fost prima dat\u0103 c\u00e2nd am \u00eenchiriat de la LUXCAR.MD \u0219i am fost foarte mul\u021bumi\u021bi de \u00eentreaga experien\u021b\u0103. Pre\u021bul dvs. a fost mai mic dec\u00e2t alte companii. Experien\u021ba noastr\u0103 de \u00eenchiriere a fost bun\u0103 de la \u00eenceput p\u00e2n\u0103 la sf\u00e2r\u0219it, a\u0219a c\u0103 vom reveni \u00een viitor.<\/p>\n<\/div><div class=\"om-testimonials__author\">Nicolae Cebotari, Chisinau<\/div><\/div><div class=\"om-testimonials__item\"><div class=\"om-testimonials__content\"><p>I love the service from LUXCAR.MD, however the vehicle was not of the standard of cleanliness I would expect and am accustomed to.<\/p>\n<\/div><div class=\"om-testimonials__author\">Elena Muntean, London<\/div><\/div><div class=\"om-testimonials__item\"><div class=\"om-testimonials__content\"><p>\u041f\u0440\u043e\u0444\u0435\u0441\u0441\u0438\u043e\u043d\u0430\u043b\u044c\u043d\u044b\u0435 \u0441\u043e\u0442\u0440\u0443\u0434\u043d\u0438\u043a\u0438, \u043a\u043e\u0442\u043e\u0440\u044b\u0435 \u0437\u043d\u0430\u044e\u0442, \u0447\u0442\u043e \u0434\u0435\u043b\u0430\u0442\u044c. \u041f\u043e\u0441\u043b\u0435 \u0434\u043e\u043b\u0433\u043e\u0433\u043e \u0434\u043d\u044f \u0432 \u043f\u0443\u0442\u0435\u0448\u0435\u0441\u0442\u0432\u0438\u0438, \u043e\u0431\u0449\u0435\u043d\u0438\u0435 \u0441 \u0434\u0440\u0443\u0436\u0435\u043b\u044e\u0431\u043d\u044b\u043c\u0438 \u0438 \u0432\u0435\u0436\u043b\u0438\u0432\u044b\u043c\u0438 \u043b\u044e\u0434\u044c\u043c\u0438 \u0438\u043c\u0435\u0435\u0442 \u0431\u043e\u043b\u044c\u0448\u043e\u0435 \u0437\u043d\u0430\u0447\u0435\u043d\u0438\u0435.<\/p>\n<\/div><div class=\"om-testimonials__author\">\u041e\u043b\u0435\u043a\u0441\u0430\u043d\u0434\u0440 \u041e\u0441\u0442\u0430\u043f\u0435\u043d\u043a\u043e, \u041a\u0438\u0435\u0432<\/div><\/div><\/div><\/div><\/div><\/div><\/div><\/div><div id=\"contacts\" class=\"vc_row wpb_row vc_row-fluid om-container vc_row-full-width\"><div class=\"om-container\"><div class=\"wpb_column vc_column_container vc_col-sm-12\"><div class=\"vc_column-inner\"><div class=\"wpb_wrapper\"><h2  style=\"text-align: center\" class=\"vc_custom_heading\" >\u041d\u0430\u0448\u0438 \u043f\u0430\u0440\u0442\u043d\u0435\u0440\u044b<\/h2><div class=\"vc_om-logos wpb_content_element vc_om-logos-layout-full vc_om-logos-grayscale\"><div class=\"vc_om-logos-inner\"><div class=\"vc_om-logos-container\"><div class=\"vc_om-logos-item\"><div class=\"vc_om-logos-img-w\"><img loading=\"lazy\" decoding=\"async\" width=\"296\" height=\"75\" src=\"https:\/\/luxcar.md\/wp-content\/uploads\/2022\/10\/SEVEN-logo-small-partners-luxcar-e1696539398676.png\"><\/div><\/div><div class=\"vc_om-logos-item\"><div class=\"vc_om-logos-img-w\"><img loading=\"lazy\" decoding=\"async\" width=\"250\" height=\"85\" src=\"https:\/\/luxcar.md\/wp-content\/uploads\/2022\/11\/logo-deblocarea-luxcar-partners.png\"><\/div><\/div><\/div><\/div><\/div><div class=\"vc_empty_space\"   style=\"height: 20px\"><span class=\"vc_empty_space_inner\"><\/span><\/div><\/div><\/div><\/div><\/div><\/div>","protected":false},"excerpt":{"rendered":"","protected":false},"author":1,"featured_media":0,"parent":0,"menu_order":0,"comment_status":"closed","ping_status":"closed","template":"","meta":{"footnotes":""},"class_list":["post-1690","page","type-page","status-publish","hentry"],"_links":{"self":[{"href":"https:\/\/luxcar.md\/ru\/wp-json\/wp\/v2\/pages\/1690","targetHints":{"allow":["GET"]}}],"collection":[{"href":"https:\/\/luxcar.md\/ru\/wp-json\/wp\/v2\/pages"}],"about":[{"href":"https:\/\/luxcar.md\/ru\/wp-json\/wp\/v2\/types\/page"}],"author":[{"embeddable":true,"href":"https:\/\/luxcar.md\/ru\/wp-json\/wp\/v2\/users\/1"}],"replies":[{"embeddable":true,"href":"https:\/\/luxcar.md\/ru\/wp-json\/wp\/v2\/comments?post=1690"}],"version-history":[{"count":14,"href":"https:\/\/luxcar.md\/ru\/wp-json\/wp\/v2\/pages\/1690\/revisions"}],"predecessor-version":[{"id":49693,"href":"https:\/\/luxcar.md\/ru\/wp-json\/wp\/v2\/pages\/1690\/revisions\/49693"}],"wp:attachment":[{"href":"https:\/\/luxcar.md\/ru\/wp-json\/wp\/v2\/media?parent=1690"}],"curies":[{"name":"wp","href":"https:\/\/api.w.org\/{rel}","templated":true}]}}