{"id":9,"date":"2022-08-24T12:18:01","date_gmt":"2022-08-24T10:18:01","guid":{"rendered":"http:\/\/demo.olevmedia.net\/wheelsberry\/?page_id=9"},"modified":"2025-11-06T09:24:36","modified_gmt":"2025-11-06T07:24:36","slug":"homepage","status":"publish","type":"page","link":"https:\/\/luxcar.md\/en\/","title":{"rendered":"Chirie Auto in Chisinau &#8211; Livrare Aeroport 24\/7"},"content":{"rendered":"<div id=\"services\" class=\"vc_row wpb_row vc_row-fluid om-container vc_row-full-width\"><div class=\"om-container\"><div class=\"wpb_column vc_column_container vc_col-sm-12\"><div class=\"vc_column-inner\"><div class=\"wpb_wrapper\"><div class=\"vc_custom_heading\" ><h1  style=\"text-align: center\" >RENT A CAR IN CHISINAU AND MOLDOVA<\/h1><div class=\"vc_custom_heading__additional\" style=\"text-align:center\">PROBABLY THE BEST CAR RENTAL SERVICE IN MOLDOVA<\/div><\/div><div class=\"vc_om-max-width om-mw-align-center\" style=\"max-width:960px\"><div class=\"vc_om-services wpb_content_element owl-carousel\" data-top-padding=\"250\" data-bottom-padding=\"100\"><div class=\"om-services__item\" style=\"background-image:url(https:\/\/luxcar.md\/wp-content\/uploads\/2016\/08\/SHUTTERSTOCK_84012001.jpg);background-size:contain\"><div class=\"om-services__pane\"><h3 class=\"om-services__title\">Car with personal driver<\/h3><div class=\"om-services__description\"><p>Start your journey in Chisinau with the luxury of a chauffeured transfer. Our chauffeurs can be waiting for you when you arrive at your destination and return you to the airport for your flight home.<\/p>\n<\/div><\/div><\/div><div class=\"om-services__item\" style=\"background-image:url(https:\/\/luxcar.md\/wp-content\/uploads\/2016\/08\/SHUTTERSTOCK_111951167.jpg);background-size:contain\"><div class=\"om-services__pane\"><h3 class=\"om-services__title\">Fuel plans<\/h3><div class=\"om-services__description\"><p>We offer a number of convenient car rental fuel plan options. Pay in advance for a full tank of gas and bring the car back empty or simply purchase a full tank just before you return the car to the drop-off location.<\/p>\n<\/div><\/div><\/div><div class=\"om-services__item\" style=\"background-image:url(https:\/\/luxcar.md\/wp-content\/uploads\/2016\/08\/SHUTTERSTOCK_59980393.jpg);background-size:contain\"><div class=\"om-services__pane\"><h3 class=\"om-services__title\">Pick up and drop off<\/h3><div class=\"om-services__description\"><p>Just when you thought the great service you get from us couldn\u2019t get any better. Wheelsberry cars rental now offers customer pickup and delivery service to your office, home or repair shop.<\/p>\n<\/div><\/div><\/div><\/div><\/div><div class=\"vc_empty_space\"   style=\"height: 40px\"><span class=\"vc_empty_space_inner\"><\/span><\/div><\/div><\/div><\/div><\/div><\/div><div id=\"about\" class=\"vc_row wpb_row vc_row-fluid om-container vc_custom_1470245913143 vc_row-has-fill vc_row-full-width\"><div class=\"om-container\"><div class=\"wpb_column vc_column_container vc_col-sm-12\"><div class=\"vc_column-inner\"><div class=\"wpb_wrapper\"><div class=\"vc_empty_space\"   style=\"height: 40px\"><span class=\"vc_empty_space_inner\"><\/span><\/div><div class=\"vc_custom_heading\" ><h2  style=\"text-align: center\" >About us<\/h2><div class=\"vc_custom_heading__additional\" style=\"text-align:center\">Wide range of luxury, sports and hybrid vehicles<\/div><\/div><div class=\"vc_om-about wpb_content_element owl-carousel\"><div class=\"om-about__item\"><div class=\"om-about__item-inner\"><div class=\"om-about__img\" style=\"background-image:url(https:\/\/luxcar.md\/wp-content\/uploads\/2022\/11\/airport-rent-car-chirie-auto-aeroport-luxcar.md-site.jpg)\"><\/div><div class=\"om-about__pane\"><div class=\"om-about__pane-inner\"><h3 class=\"om-about__title\">Rent a car for long term<\/h3><div class=\"om-about__media om-about__media--counter\"><div class=\"om-about__counter-value\"><\/div><div class=\"om-about__counter-title\">A lot of happy clients<\/div><\/div><div class=\"om-about__description\"><p>Great rental experience and quality customer service. We are happy to provide you with a suitable vehicle.<\/p>\n<\/div><\/div><\/div><\/div><\/div><div class=\"om-about__item\"><div class=\"om-about__item-inner\"><div class=\"om-about__img\" style=\"background-image:url(https:\/\/luxcar.md\/wp-content\/uploads\/2022\/11\/gates-city-chisinau-moldova-portile-orasului-luxcar.md-chirie-auto-site.jpg)\"><\/div><div class=\"om-about__pane\"><div class=\"om-about__pane-inner\"><h3 class=\"om-about__title\">Sales and cheap car rental prices<\/h3><div class=\"om-about__media om-about__media--image\"><img decoding=\"async\" src=\"https:\/\/luxcar.md\/wp-content\/uploads\/2016\/08\/icon-ok.png\"><\/div><div class=\"om-about__description\"><p>A wide range of cars: economy, comfort and premium classes. You will definitely find the right option for you.<\/p>\n<\/div><\/div><\/div><\/div><\/div><div class=\"om-about__item\"><div class=\"om-about__item-inner\"><div class=\"om-about__img\" style=\"background-image:url(https:\/\/luxcar.md\/wp-content\/uploads\/2022\/11\/moledaian-flag-chirie-auto-chisinau-moldova-luxcar.md-site-740x468.jpg)\"><\/div><div class=\"om-about__pane\"><div class=\"om-about__pane-inner\"><h3 class=\"om-about__title\">Our goal<\/h3><div class=\"om-about__media om-about__media--image\"><img decoding=\"async\" src=\"https:\/\/luxcar.md\/wp-content\/uploads\/2016\/08\/map.png\"><\/div><div class=\"om-about__description\"><p>We want cooperation with us to be convenient and easy for you. Loyal customers are what we strive for.<\/p>\n<\/div><\/div><\/div><\/div><\/div><\/div><div class=\"vc_empty_space\"   style=\"height: 40px\"><span class=\"vc_empty_space_inner\"><\/span><\/div>\n\t<div class=\"wpb_text_column wpb_content_element\" >\n\t\t<div class=\"wpb_wrapper\">\n\t\t\t<h2><strong>RENT A CAR IN CHISINAU AND MOLDOVA FROM LUXCAR COMPANY<\/strong><\/h2>\n<p>LUXCAR.MD is a car rental company in Chisinau, Moldova. On the site you can quickly and easily make an online order for car rental. We have a wide selection of vehicles on our site. Also, special offers and favorable rates for a long rental period have been prepared for you. Employees of our company take into account the specifics of the Chisinau traffic and the needs of our customers, offering a number of alternatives for every taste. We are constantly improving the services of our company and strive to make them convenient and affordable for you. Our goal is your comfort and safety.<\/p>\n<h2><strong>WHY DO CLIENTS CHOOSE US?<\/strong><\/h2>\n<ul>\n<li>We adhere to the international standards of the leading car rental companies in Europe and the USA.<\/li>\n<li>Cars are always provided with a full tank, clean inside and out.<\/li>\n<li>The civil liability of the driver when renting a car is insured.<\/li>\n<li>We offer car rental without intermediaries.<\/li>\n<li class=\"translation-block\"><a href=\"\/en\/cheap-car-rental-chisinau\/\" target=\"_self\">Car rental prices<\/a> are the best and most attractive in Chisinau and throughout Moldova.<\/li>\n<li>The car rental price is specified in the contract and does not change until the end of the contract.<\/li>\n<li>Provision of \u201cpersonal\u201d and \u201csober\u201d driver services.<\/li>\n<li>We guarantee the preservation of confidential information about the participants in the transaction.<\/li>\n<li>We conclude a car rental agreement and issue all necessary documents.<\/li>\n<li>LUXCAR.MD provides rental cars of different classes: economy, comfort, premium, SUVs and sports models.<\/li>\n<\/ul>\n<p class=\"translation-block\">ALWAYS FREE: consultation, selection and viewing of any car.<\/p>\n\n\t\t<\/div>\n\t<\/div>\n<\/div><\/div><\/div><\/div><\/div><div id=\"locations\" class=\"vc_row wpb_row vc_row-fluid om-container vc_row-full-width vc_row-stretch-content vc_row-no-padding\"><div class=\"om-container\"><div class=\"wpb_column vc_column_container vc_col-sm-12\"><div class=\"vc_column-inner\"><div class=\"wpb_wrapper\">\t<div class=\"vc_om-rental-locations\" >\n\t\t<div class=\"om-rental-locations__header\">\n\t\t\t<div class=\"om-container\">\n\t\t\t\t<div class=\"om-rental-locations__header-inner om-container__inner\">\n\t\t\t\t\t\t\t\t\t\t\t<h3 class=\"om-rental-locations__title\">Car rental stations<\/h3>\n\t\t\t\t\t\t\t\t\t\t<div class=\"om-rental-locations__selector\">\n\t\t\t\t\t\t<select class=\"om-rental-locations__select\">\n\t\t\t\t\t\t<option value=\"17\" data-address=\"Bulevardul Dacia 80\/3, Chi\u0219in\u0103u 2026, Moldova\" data-geo-lat=\"46.93530319550861\" data-geo-lng=\"28.935473949709824\">Chisinau Airport<\/option><option value=\"18\" data-address=\"Str. Arborilor 19, Chi\u0219in\u0103u, Moldova\" data-geo-lat=\"47.00439568587144\" data-geo-lng=\"28.841308099999996\">Strada Burebista 17, Chi\u0219in\u0103u, Moldova<\/option>\t\t\t\t\t\t<\/select>\n\t\t\t\t\t<\/div>\n\t\t\t\t<\/div>\n\t\t\t<\/div>\n\t\t<\/div>\n\t\t<div class=\"om-rental-locations__map\" style=\"height:370px\" data-map-zoom=\"16\" data-map-marker=\"https:\/\/luxcar.md\/wp-content\/themes\/wheelsberry\/img\/map-marker.png\"><\/div>\n\t<\/div>\n\t<\/div><\/div><\/div><\/div><\/div><div id=\"testimonials\" class=\"vc_row wpb_row vc_row-fluid om-container vc_custom_1470247299737 vc_row-has-fill vc_row-full-width\"><div class=\"om-container\"><div class=\"wpb_column vc_column_container vc_col-sm-12\"><div class=\"vc_column-inner\"><div class=\"wpb_wrapper\"><div class=\"vc_empty_space\"   style=\"height: 40px\"><span class=\"vc_empty_space_inner\"><\/span><\/div><h2  style=\"text-align: center\" class=\"vc_custom_heading\" >What our clients say about us?<\/h2><div class=\"vc_om-testimonials wpb_content_element owl-carousel\"><div class=\"om-testimonials__item\"><div class=\"om-testimonials__content\"><p>A fost prima dat\u0103 c\u00e2nd am \u00eenchiriat de la LUXCAR.MD \u0219i am fost foarte mul\u021bumi\u021bi de \u00eentreaga experien\u021b\u0103. Pre\u021bul dvs. a fost mai mic dec\u00e2t alte companii. Experien\u021ba noastr\u0103 de \u00eenchiriere a fost bun\u0103 de la \u00eenceput p\u00e2n\u0103 la sf\u00e2r\u0219it, a\u0219a c\u0103 vom reveni \u00een viitor.<\/p>\n<\/div><div class=\"om-testimonials__author\">Nicolae Cebotari, Chisinau<\/div><\/div><div class=\"om-testimonials__item\"><div class=\"om-testimonials__content\"><p>I love the service from LUXCAR.MD, however the vehicle was not of the standard of cleanliness I would expect and am accustomed to.<\/p>\n<\/div><div class=\"om-testimonials__author\">Elena Muntean, London<\/div><\/div><div class=\"om-testimonials__item\"><div class=\"om-testimonials__content\"><p>\u041f\u0440\u043e\u0444\u0435\u0441\u0441\u0438\u043e\u043d\u0430\u043b\u044c\u043d\u044b\u0435 \u0441\u043e\u0442\u0440\u0443\u0434\u043d\u0438\u043a\u0438, \u043a\u043e\u0442\u043e\u0440\u044b\u0435 \u0437\u043d\u0430\u044e\u0442, \u0447\u0442\u043e \u0434\u0435\u043b\u0430\u0442\u044c. \u041f\u043e\u0441\u043b\u0435 \u0434\u043e\u043b\u0433\u043e\u0433\u043e \u0434\u043d\u044f \u0432 \u043f\u0443\u0442\u0435\u0448\u0435\u0441\u0442\u0432\u0438\u0438, \u043e\u0431\u0449\u0435\u043d\u0438\u0435 \u0441 \u0434\u0440\u0443\u0436\u0435\u043b\u044e\u0431\u043d\u044b\u043c\u0438 \u0438 \u0432\u0435\u0436\u043b\u0438\u0432\u044b\u043c\u0438 \u043b\u044e\u0434\u044c\u043c\u0438 \u0438\u043c\u0435\u0435\u0442 \u0431\u043e\u043b\u044c\u0448\u043e\u0435 \u0437\u043d\u0430\u0447\u0435\u043d\u0438\u0435.<\/p>\n<\/div><div class=\"om-testimonials__author\">\u041e\u043b\u0435\u043a\u0441\u0430\u043d\u0434\u0440 \u041e\u0441\u0442\u0430\u043f\u0435\u043d\u043a\u043e, \u041a\u0438\u0435\u0432<\/div><\/div><\/div>\n\t<div class=\"wpb_text_column wpb_content_element\" >\n\t\t<div class=\"wpb_wrapper\">\n\t\t\t<h2 style=\"font-weight: 400;\"><strong>Reliability and comfort - High standard car rentals<\/strong><\/h2>\n<p style=\"font-weight: 400;\">We offer rental cars for a day, a month, or even longer periods. Our fleet features fresh vehicles, making it easy for you to find the right car for you, whether it's an economy car or a VIP-class one. Among the available brands are: BMW, Audi, Mercedes-Benz, Hummer, Porsche, Lexus, Toyota, Kia, Mazda, Nissan, and other car models for rent in Chisinau. Additionally, we offer clients the possibility to obtain exclusive models, SUVs, and commercial vehicles.<\/p>\n<p style=\"font-weight: 400;\">All the cars we offer are in excellent aesthetic and technical condition, so you can head out immediately after renting, whether it's for a business trip or a vacation.<\/p>\n<p style=\"font-weight: 400;\">Are you looking to rent a car for daily use? Searching for a representative car for a business meeting? Or perhaps looking for an SUV for a fishing trip or a minibus for transporting goods? We provide car rental services for any occasion: business meetings, guest transfers, hospital pickups, weddings, nature outings, moves, and freight transportation. With these, you can travel with friends, family, or colleagues.<\/p>\n<h2 style=\"font-weight: 400;\"><strong>The advantages of renting a car from Luxcar<\/strong><\/h2>\n<p style=\"font-weight: 400;\">Here are five reasons to rent a car in Chisinau or Moldova from us:<\/p>\n<ul>\n<li style=\"font-weight: 400;\">Friendly requirements - a citizen aged 21 or older, with a driving experience of at least 3 years, with a passport and driver's license.<\/li>\n<li style=\"font-weight: 400;\">A wide range of cars available in our fleet - various car brands, a large variety of vehicles from different classes.<\/li>\n<li style=\"font-weight: 400;\" class=\"translation-block\">Flexible pricing policies \u2013 you can rent a car in Chi\u0219in\u0103u daily or for a long-term period. Discounts of up to 40% are offered for <a href=\"\/en\/long-term-car-rentals\/\" target=\"_self\">long-term car rentals<\/a>.<\/li>\n<li style=\"font-weight: 400;\">Reliability guarantee - our employees conduct regular inspections, carefully check and prepare the cars before each trip. We do not work with those who neglect the rented car.<\/li>\n<li style=\"font-weight: 400;\">Reduced deposit and increased mileage limit for cars used within the Chisinau area.<\/li>\n<\/ul>\n<p style=\"font-weight: 400;\" class=\"translation-block\">We also provide car rental services for legal entities and organizations. All vehicles are insured, and the cost of insurance is already included in the final service calculation. Car rental payment can be made in any convenient way for you: cash, credit card, or direct bank transfer. All conditions are stipulated in the contract at the time of conclusion, in the presence of the client, so you can trust in fair cooperation.<\/p>\n\n\t\t<\/div>\n\t<\/div>\n<\/div><\/div><\/div><\/div><\/div><div class=\"vc_row wpb_row vc_row-fluid om-container content-pane vc_row-o-content-middle vc_row-flex\"><div class=\"om-container\"><div class=\"wpb_column vc_column_container vc_col-sm-12\"><div class=\"vc_column-inner\"><div class=\"wpb_wrapper\"><h2  style=\"font-size: 35px;color: #ffffff;text-align: center\" class=\"vc_custom_heading vc_custom_1708537062640\" >Frequently asked questions before renting a car<\/h2><div class=\"vc_empty_space\"   style=\"height: 10px\"><span class=\"vc_empty_space_inner\"><\/span><\/div><div  class=\"vc_toggle vc_toggle_default vc_toggle_color_default  vc_toggle_size_md vc_toggle_active\"><div class=\"vc_toggle_title\"><h2  style=\"font-size: 20px;text-align: left\" class=\"vc_custom_heading\" >Is it possible to rent a car with a driver ?<\/h2><i class=\"vc_toggle_icon\"><\/i><\/div><div class=\"vc_toggle_content\"><p>Of course, you can rent a car with or without a driver from us. If you opt for renting with a driver, payment is on an hourly basis.<\/p>\n<\/div><\/div><div  class=\"vc_toggle vc_toggle_default vc_toggle_color_default  vc_toggle_size_md\"><div class=\"vc_toggle_title\"><h2  style=\"font-size: 20px;text-align: left\" class=\"vc_custom_heading\" >Are car delivery and pick-up available ?<\/h2><i class=\"vc_toggle_icon\"><\/i><\/div><div class=\"vc_toggle_content\"><p style=\"font-weight: 400;\" class=\"translation-block\">Yes. Delivery and pickup are possible at any location in Chisinau, as well as at <a href=\"\/en\/car-delivery-airport-chsinau\/\" target=\"_self\">Chisinau International Airport<\/a>.<\/p>\n<\/div><\/div><div  class=\"vc_toggle vc_toggle_default vc_toggle_color_default  vc_toggle_size_md\"><div class=\"vc_toggle_title\"><h2  style=\"font-size: 20px;text-align: left\" class=\"vc_custom_heading\" >Can I travel with your car outside of Moldova ?<\/h2><i class=\"vc_toggle_icon\"><\/i><\/div><div class=\"vc_toggle_content\"><p style=\"font-weight: 400;\">Yes, it's possible to travel outside the territory of Moldova with the rented car, but the countries for travel need to be coordinated in advance. Each case is individual, and rental conditions may vary depending on the operating territory.<\/p>\n<\/div><\/div><div  class=\"vc_toggle vc_toggle_default vc_toggle_color_default  vc_toggle_size_md\"><div class=\"vc_toggle_title\"><h2  style=\"font-size: 20px;text-align: left\" class=\"vc_custom_heading\" >How are your cars insured ?<\/h2><i class=\"vc_toggle_icon\"><\/i><\/div><div class=\"vc_toggle_content\"><p style=\"font-weight: 400;\">All cars in our fleet are insured under compulsory insurance policies. Comprehensive insurance (CASCO) can be discussed individually for an additional fee.<\/p>\n<\/div><\/div><div  class=\"vc_toggle vc_toggle_default vc_toggle_color_default  vc_toggle_size_md\"><div class=\"vc_toggle_title\"><h2  style=\"font-size: 20px;text-align: left\" class=\"vc_custom_heading\" >What documents are required for renting a car ?<\/h2><i class=\"vc_toggle_icon\"><\/i><\/div><div class=\"vc_toggle_content\"><p style=\"font-weight: 400;\" class=\"translation-block\">To reserve a car, you need to send clear photos of the following documents or have them available when signing the contract:<\/p>\n<ul>\n<li style=\"font-weight: 400;\">Passport (main page)<\/li>\n<li style=\"font-weight: 400;\">ID card (front and back)<\/li>\n<li style=\"font-weight: 400;\">Driver's license (front and back)<\/li>\n<\/ul>\n<\/div><\/div><div  class=\"vc_toggle vc_toggle_default vc_toggle_color_default  vc_toggle_size_md\"><div class=\"vc_toggle_title\"><h2  style=\"font-size: 20px;text-align: left\" class=\"vc_custom_heading\" >Is it possible to get a discount if I have a premium MasterCard?<\/h2><i class=\"vc_toggle_icon\"><\/i><\/div><div class=\"vc_toggle_content\"><div>\n<p>Yes, if you are a premium MasterCard holder, you can expect a discount of up to 10% on car rentals and our other services using Promo Code<\/p>\n<div><b><span lang=\"EN-GB\">&#8222;MCMD10&#8221;.<\/span><\/b><\/div>\n<p>.<\/p>\n<\/div>\n<\/div><\/div><div class=\"vc_btn3-container vc_btn3-center\" ><a class=\"vc_general vc_btn3 vc_btn3-size-md vc_btn3-shape-rounded vc_btn3-style-flat vc_btn3-color-om-accent-color\" href=\"\/en\/faqs\/\" title=\"\"><strong>MORE QUESTIONS<\/strong><\/a><\/div><\/div><\/div><\/div><\/div><\/div><div id=\"contacts\" class=\"vc_row wpb_row vc_row-fluid om-container vc_row-full-width\"><div class=\"om-container\"><div class=\"wpb_column vc_column_container vc_col-sm-12\"><div class=\"vc_column-inner\"><div class=\"wpb_wrapper\"><h2  style=\"text-align: center\" class=\"vc_custom_heading\" >Our partners<\/h2><div class=\"vc_om-logos wpb_content_element vc_om-logos-layout-full vc_om-logos-grayscale\"><div class=\"vc_om-logos-inner\"><div class=\"vc_om-logos-container\"><div class=\"vc_om-logos-item\"><div class=\"vc_om-logos-img-w\"><img loading=\"lazy\" decoding=\"async\" width=\"296\" height=\"75\" src=\"https:\/\/luxcar.md\/wp-content\/uploads\/2022\/10\/SEVEN-logo-small-partners-luxcar-e1696539398676.png\"><\/div><\/div><div class=\"vc_om-logos-item\"><div class=\"vc_om-logos-img-w\"><img loading=\"lazy\" decoding=\"async\" width=\"138\" height=\"75\" src=\"https:\/\/luxcar.md\/wp-content\/uploads\/2025\/04\/Mastercard-Logo-LuxCar-Partner.png\"><\/div><\/div><\/div><\/div><\/div><div class=\"vc_empty_space\"   style=\"height: 20px\"><span class=\"vc_empty_space_inner\"><\/span><\/div><\/div><\/div><\/div><\/div><\/div>","protected":false},"excerpt":{"rendered":"","protected":false},"author":1,"featured_media":0,"parent":0,"menu_order":0,"comment_status":"closed","ping_status":"closed","template":"","meta":{"footnotes":""},"class_list":["post-9","page","type-page","status-publish","hentry"],"_links":{"self":[{"href":"https:\/\/luxcar.md\/en\/wp-json\/wp\/v2\/pages\/9","targetHints":{"allow":["GET"]}}],"collection":[{"href":"https:\/\/luxcar.md\/en\/wp-json\/wp\/v2\/pages"}],"about":[{"href":"https:\/\/luxcar.md\/en\/wp-json\/wp\/v2\/types\/page"}],"author":[{"embeddable":true,"href":"https:\/\/luxcar.md\/en\/wp-json\/wp\/v2\/users\/1"}],"replies":[{"embeddable":true,"href":"https:\/\/luxcar.md\/en\/wp-json\/wp\/v2\/comments?post=9"}],"version-history":[{"count":124,"href":"https:\/\/luxcar.md\/en\/wp-json\/wp\/v2\/pages\/9\/revisions"}],"predecessor-version":[{"id":49833,"href":"https:\/\/luxcar.md\/en\/wp-json\/wp\/v2\/pages\/9\/revisions\/49833"}],"wp:attachment":[{"href":"https:\/\/luxcar.md\/en\/wp-json\/wp\/v2\/media?parent=9"}],"curies":[{"name":"wp","href":"https:\/\/api.w.org\/{rel}","templated":true}]}}