{"id":866,"date":"2023-08-19T13:55:01","date_gmt":"2023-08-19T11:55:01","guid":{"rendered":"http:\/\/luxcar.md\/inchirieri-auto-pe-termen-lung-2\/"},"modified":"2025-10-17T21:36:02","modified_gmt":"2025-10-17T19:36:02","slug":"daily-car-rentals","status":"publish","type":"page","link":"https:\/\/luxcar.md\/en\/daily-car-rentals\/","title":{"rendered":"\u00cenchirieri auto pe o zi \u00een Chi\u0219in\u0103u"},"content":{"rendered":"<div id=\"services\" class=\"vc_row wpb_row vc_row-fluid om-container vc_row-full-width\"><div class=\"om-container\"><div class=\"wpb_column vc_column_container vc_col-sm-12\"><div class=\"vc_column-inner\"><div class=\"wpb_wrapper\">\n\t<div class=\"wpb_text_column wpb_content_element\" >\n\t\t<div class=\"wpb_wrapper\">\n\t\t\t<h1 style=\"font-weight: 400;\"><strong>Car rental for a day<\/strong><\/h1>\n<p style=\"font-weight: 400;\">Set of services - renting a car for 24 hours, day by day, is increasingly conquering Chisinau and Moldova in general. There is an objective justification for this fact: it is safe, practical, comfortable, cheap. Our showroom offers car rental in Chisinau for a day or more, the most famous and popular car models. The customer has the opportunity to choose a car from the multitude of types and series, such as:<\/p>\n<h3 style=\"font-weight: 400;\"><strong>Economy class<\/strong><\/h3>\n<ul>\n<li style=\"font-weight: 400;\">Volkswagen Polo<\/li>\n<li style=\"font-weight: 400;\">Renault Megane<\/li>\n<li style=\"font-weight: 400;\">Nissan Qashqai<\/li>\n<li style=\"font-weight: 400;\">Renault Kadjar<\/li>\n<li style=\"font-weight: 400;\">Renault Captur<\/li>\n<li style=\"font-weight: 400;\">Skoda Fabia<\/li>\n<li style=\"font-weight: 400;\">Toyota C-HR<\/li>\n<li style=\"font-weight: 400;\">Toyota Auris Hybrid<\/li>\n<\/ul>\n<h3 style=\"font-weight: 400;\"><strong>Business class<\/strong><\/h3>\n<ul>\n<li style=\"font-weight: 400;\">Mercedes-Benz \u0415200\/E220<\/li>\n<li style=\"font-weight: 400;\">BMW 316\/320\/328<\/li>\n<li>BMW 520\/528<\/li>\n<li>BMW 640i<\/li>\n<li>BMW 740D<\/li>\n<li style=\"font-weight: 400;\">Mercedes-Benz Clasa S<\/li>\n<li style=\"font-weight: 400;\">Audi A7D<\/li>\n<\/ul>\n<h3 style=\"font-weight: 400;\"><strong>SUVs<\/strong><\/h3>\n<ul>\n<li style=\"font-weight: 400;\">Mercedes-Benz GLC<\/li>\n<li style=\"font-weight: 400;\">Jaguar E-Pace D<\/li>\n<li style=\"font-weight: 400;\">Volkswagen Tiguan<\/li>\n<li style=\"font-weight: 400;\">Range Rover Evoque<\/li>\n<li style=\"font-weight: 400;\">Renault Duster<\/li>\n<li style=\"font-weight: 400;\">Toyota RAV-4<\/li>\n<li style=\"font-weight: 400;\">Skoda Kodiaq<\/li>\n<li style=\"font-weight: 400;\">Kia Sportage<\/li>\n<li style=\"font-weight: 400;\">BMW X1<\/li>\n<li style=\"font-weight: 400;\">BMW X3<\/li>\n<li style=\"font-weight: 400;\">Mitsubishi Outlander<\/li>\n<li style=\"font-weight: 400;\">Ford Ranger<\/li>\n<\/ul>\n<h3 style=\"font-weight: 400;\"><strong>Middle class<\/strong><\/h3>\n<ul>\n<li style=\"font-weight: 400;\">Mercedes-Benz Clasa C<\/li>\n<li style=\"font-weight: 400;\">Audi A3<\/li>\n<li style=\"font-weight: 400;\">Volkswagen Passat D<\/li>\n<li style=\"font-weight: 400;\">Skoda Octavia<\/li>\n<li style=\"font-weight: 400;\">Volkswagen Jetta<\/li>\n<li style=\"font-weight: 400;\">Infiniti Q30\/Q50<\/li>\n<li style=\"font-weight: 400;\">Lexus IS<\/li>\n<li style=\"font-weight: 400;\">Toyota Corolla<\/li>\n<\/ul>\n<h3 style=\"font-weight: 400;\"><strong>\u00a0VIP<\/strong><\/h3>\n<ul>\n<li style=\"font-weight: 400;\">BMW X5<\/li>\n<li style=\"font-weight: 400;\">BMW X6 M-Pack<\/li>\n<li style=\"font-weight: 400;\">Porsche Cayenne-S<\/li>\n<li style=\"font-weight: 400;\">Porsche Cayenne-Coupe<\/li>\n<li style=\"font-weight: 400;\">Toyota LandCruiser 200<\/li>\n<\/ul>\n<h3 style=\"font-weight: 400;\"><strong>Atv<\/strong><\/h3>\n<ul>\n<li style=\"font-weight: 400;\">TGB BLADE 600LT 4&#215;4<\/li>\n<\/ul>\n<h3 style=\"font-weight: 400;\"><strong>Jet ski<\/strong><\/h3>\n<ul>\n<li style=\"font-weight: 400;\">Kawasaki Ultra 300x<\/li>\n<\/ul>\n<h3 style=\"font-weight: 400;\"><strong>Commercial minibuses and minivans<\/strong><\/h3>\n<ul>\n<li style=\"font-weight: 400;\">Mercedes Vito<\/li>\n<li style=\"font-weight: 400;\">Mercedes Viano<\/li>\n<li style=\"font-weight: 400;\">Mercedes clasa V<\/li>\n<\/ul>\n<h2 style=\"font-weight: 400;\"><strong>Why should you rent a car for a day and not use, for example, a taxi<\/strong><\/h2>\n<p style=\"font-weight: 400;\">There is no doubt that calling and using a taxi is quite a fast service. Sometimes this kind of transport lets you down.  For example, meeting business partners at the airport. The flight is unexpectedly delayed, the wait becomes long, and the taxi meter reaches an additional price. As a result, wasted money, an atmosphere of nervousness, a problematic situation with a taxi driver. A completely different situation is when there is a daily car rental in Moldova. You can safely rent a car for a day and manage your time by  yourself. There is no need for extra coordination, hassle and spending extra money.<\/p>\n<p style=\"font-weight: 400;\">The next advantage of renting a car for a day: a fast registration of the order. Our salon \"Luxcar.md\" undertakes to draw up a contract and all the necessary documents within 10-15 minutes. The customer takes the key, the vehicle and goes to solve all his problems. In the situation with the taxi service, not everything is so simple. For example, on weekends, and even more so on holidays, calling a taxi at a certain time is a difficult task. Or maybe a person fails at a serious business meeting? Renting a car in Chisinau for a day, in this case, is the best choice.<\/p>\n<h2 style=\"font-weight: 400;\"><strong>How are the documents for renting a car drawn up?<\/strong><\/h2>\n<p style=\"font-weight: 400;\">To rent a car in Chisinau for a day do not need special efforts , you just need to follow a few simple steps:<\/p>\n<ul>\n<li>Fill out an online application on the website or call the operator. Choose a car, set a date, exact time, car rental period, specify the details that interest you.<\/li>\n<li>Take the necessary documents and come to the company office. You should have a passport, identity card and a driving license of the appropriate category with you.<\/li>\n<li>The required age is 21-75 years.<\/li>\n<li>At the same time, with a driving experience of 3 years, it is allowed to rent at a price of up to 60 euros per day, and when the driving experience is more than 3-5 years - more than this amount.<\/li>\n<li style=\"font-weight: 400;\" class=\"translation-block\">It is possible to conclude a car rental agreement for a day and href=\"\/en\/long-term-car-rentals\/\" target=\"_self\"&gt;for a longer period<\/a>.. Make an advance payment by bank transfer, cash or cards of known payment systems.<\/li>\n<li style=\"font-weight: 400;\">Receiving the key and the vehicle.<\/li>\n<li style=\"font-weight: 400;\">Do a thorough inspection inside and out for damage. Inconsistencies found are indicated with the participation of the manager. If you want, document or request a car trade-in.<\/li>\n<li style=\"font-weight: 400;\">It should be taken into account - when renting a car for a day, the user must transfer the car in the same condition that he received. To exclude misunderstandings, it is more correct to carefully view the rented car before concluding a contract.<\/li>\n<li style=\"font-weight: 400;\">Enjoy driving.<\/li>\n<li style=\"font-weight: 400;\">Drive to scheduled events and personal meetings with ease and stress-free.<\/li>\n<\/ul>\n<h2 style=\"font-weight: 400;\"><strong>Rent a car for a day - effortless and easy<\/strong><\/h2>\n<p style=\"font-weight: 400;\" class=\"translation-block\">The most confident say - it's elementary. We don't think much, but we prove and execute. Positive comments from loyal customers and grateful reviews are the best evaluation and indicator of our work. What are the advantages of our company? Three main points: affordable and moderate guarantees, a wide selection and variety of cars, cheap prices. We turn car rental in Moldova for a day <a href=\"\/en\/car-rental-without-driver\/\" target=\"_self\">without driver<\/a> into an incredible delight and a real pleasure.<\/p>\n<p style=\"font-weight: 400;\">Absolutely all our customers have access to good additional bonuses. For example, GPS at a low price, a child seat absolutely free. All vehicles are in excellent condition and are offered to the customer with a full tank of fuel, insurance policy and appropriate payment document. Use is allowed without limits in the cities of Chisinau, Balti, Comrat, Cahul and throughout the territory of Moldova. You are welcome.  We invite you to visit our website and choose the convenient 24h rental vehicle at affordable prices in Chisinau.<\/p>\n<p style=\"font-weight: 400;\">Your welcome. We invite you to visit our website and choose the convenient 24h rental vehicle at affordable prices in Chisinau.<\/p>\n<p class=\"translation-block\">We recommend you consult the \u00ab<a href=\"\/en\/faqs\/\" target=\"_self\">Frequently asked questions<\/a>\u00bb section, before renting a car. You can also find out details and rental conditions from our operators.<\/p>\n\n\t\t<\/div>\n\t<\/div>\n<div class=\"vc_empty_space\"   style=\"height: 40px\"><span class=\"vc_empty_space_inner\"><\/span><\/div><\/div><\/div><\/div><\/div><\/div><div id=\"locations\" class=\"vc_row wpb_row vc_row-fluid om-container vc_row-full-width vc_row-stretch-content vc_row-no-padding\"><div class=\"om-container\"><div class=\"wpb_column vc_column_container vc_col-sm-12\"><div class=\"vc_column-inner\"><div class=\"wpb_wrapper\">\t<div class=\"vc_om-rental-locations\" >\n\t\t<div class=\"om-rental-locations__header\">\n\t\t\t<div class=\"om-container\">\n\t\t\t\t<div class=\"om-rental-locations__header-inner om-container__inner\">\n\t\t\t\t\t\t\t\t\t\t\t<h3 class=\"om-rental-locations__title\">Car rental stations<\/h3>\n\t\t\t\t\t\t\t\t\t\t<div class=\"om-rental-locations__selector\">\n\t\t\t\t\t\t<select class=\"om-rental-locations__select\">\n\t\t\t\t\t\t<option value=\"17\" data-address=\"Bulevardul Dacia 80\/3, Chi\u0219in\u0103u 2026, Moldova\" data-geo-lat=\"46.93530319550861\" data-geo-lng=\"28.935473949709824\">Chisinau Airport<\/option><option value=\"18\" data-address=\"Str. Arborilor 19, Chi\u0219in\u0103u, Moldova\" data-geo-lat=\"47.00439568587144\" data-geo-lng=\"28.841308099999996\">Strada Burebista 17, Chi\u0219in\u0103u, Moldova<\/option>\t\t\t\t\t\t<\/select>\n\t\t\t\t\t<\/div>\n\t\t\t\t<\/div>\n\t\t\t<\/div>\n\t\t<\/div>\n\t\t<div class=\"om-rental-locations__map\" style=\"height:370px\" data-map-zoom=\"16\" data-map-marker=\"https:\/\/luxcar.md\/wp-content\/themes\/wheelsberry\/img\/map-marker.png\"><\/div>\n\t<\/div>\n\t<\/div><\/div><\/div><\/div><\/div><div id=\"testimonials\" class=\"vc_row wpb_row vc_row-fluid om-container vc_custom_1470247299737 vc_row-has-fill vc_row-full-width\"><div class=\"om-container\"><div class=\"wpb_column vc_column_container vc_col-sm-12\"><div class=\"vc_column-inner\"><div class=\"wpb_wrapper\"><div class=\"vc_empty_space\"   style=\"height: 40px\"><span class=\"vc_empty_space_inner\"><\/span><\/div><h2  style=\"text-align: center\" class=\"vc_custom_heading\" >What our clients say about us?<\/h2><div class=\"vc_om-testimonials wpb_content_element owl-carousel\"><div class=\"om-testimonials__item\"><div class=\"om-testimonials__content\"><p>A fost prima dat\u0103 c\u00e2nd am \u00eenchiriat de la LUXCAR.MD \u0219i am fost foarte mul\u021bumi\u021bi de \u00eentreaga experien\u021b\u0103. Pre\u021bul dvs. a fost mai mic dec\u00e2t alte companii. Experien\u021ba noastr\u0103 de \u00eenchiriere a fost bun\u0103 de la \u00eenceput p\u00e2n\u0103 la sf\u00e2r\u0219it, a\u0219a c\u0103 vom reveni \u00een viitor.<\/p>\n<\/div><div class=\"om-testimonials__author\">Nicolae Cebotari, Chisinau<\/div><\/div><div class=\"om-testimonials__item\"><div class=\"om-testimonials__content\"><p>I love the service from LUXCAR.MD, however the vehicle was not of the standard of cleanliness I would expect and am accustomed to.<\/p>\n<\/div><div class=\"om-testimonials__author\">Elena Muntean, London<\/div><\/div><div class=\"om-testimonials__item\"><div class=\"om-testimonials__content\"><p>\u041f\u0440\u043e\u0444\u0435\u0441\u0441\u0438\u043e\u043d\u0430\u043b\u044c\u043d\u044b\u0435 \u0441\u043e\u0442\u0440\u0443\u0434\u043d\u0438\u043a\u0438, \u043a\u043e\u0442\u043e\u0440\u044b\u0435 \u0437\u043d\u0430\u044e\u0442, \u0447\u0442\u043e \u0434\u0435\u043b\u0430\u0442\u044c. \u041f\u043e\u0441\u043b\u0435 \u0434\u043e\u043b\u0433\u043e\u0433\u043e \u0434\u043d\u044f \u0432 \u043f\u0443\u0442\u0435\u0448\u0435\u0441\u0442\u0432\u0438\u0438, \u043e\u0431\u0449\u0435\u043d\u0438\u0435 \u0441 \u0434\u0440\u0443\u0436\u0435\u043b\u044e\u0431\u043d\u044b\u043c\u0438 \u0438 \u0432\u0435\u0436\u043b\u0438\u0432\u044b\u043c\u0438 \u043b\u044e\u0434\u044c\u043c\u0438 \u0438\u043c\u0435\u0435\u0442 \u0431\u043e\u043b\u044c\u0448\u043e\u0435 \u0437\u043d\u0430\u0447\u0435\u043d\u0438\u0435.<\/p>\n<\/div><div class=\"om-testimonials__author\">\u041e\u043b\u0435\u043a\u0441\u0430\u043d\u0434\u0440 \u041e\u0441\u0442\u0430\u043f\u0435\u043d\u043a\u043e, \u041a\u0438\u0435\u0432<\/div><\/div><\/div><\/div><\/div><\/div><\/div><\/div><div id=\"contacts\" class=\"vc_row wpb_row vc_row-fluid om-container vc_row-full-width\"><div class=\"om-container\"><div class=\"wpb_column vc_column_container vc_col-sm-12\"><div class=\"vc_column-inner\"><div class=\"wpb_wrapper\"><h2  style=\"text-align: center\" class=\"vc_custom_heading\" >Our partners<\/h2><div class=\"vc_om-logos wpb_content_element vc_om-logos-layout-full vc_om-logos-grayscale\"><div class=\"vc_om-logos-inner\"><div class=\"vc_om-logos-container\"><div class=\"vc_om-logos-item\"><div class=\"vc_om-logos-img-w\"><img loading=\"lazy\" decoding=\"async\" width=\"296\" height=\"75\" src=\"https:\/\/luxcar.md\/wp-content\/uploads\/2022\/10\/SEVEN-logo-small-partners-luxcar-e1696539398676.png\"><\/div><\/div><div class=\"vc_om-logos-item\"><div class=\"vc_om-logos-img-w\"><img loading=\"lazy\" decoding=\"async\" width=\"250\" height=\"85\" src=\"https:\/\/luxcar.md\/wp-content\/uploads\/2022\/11\/logo-deblocarea-luxcar-partners.png\"><\/div><\/div><\/div><\/div><\/div><div class=\"vc_empty_space\"   style=\"height: 20px\"><span class=\"vc_empty_space_inner\"><\/span><\/div><\/div><\/div><\/div><\/div><\/div>","protected":false},"excerpt":{"rendered":"","protected":false},"author":1,"featured_media":0,"parent":0,"menu_order":0,"comment_status":"closed","ping_status":"closed","template":"","meta":{"footnotes":""},"class_list":["post-866","page","type-page","status-publish","hentry"],"_links":{"self":[{"href":"https:\/\/luxcar.md\/en\/wp-json\/wp\/v2\/pages\/866","targetHints":{"allow":["GET"]}}],"collection":[{"href":"https:\/\/luxcar.md\/en\/wp-json\/wp\/v2\/pages"}],"about":[{"href":"https:\/\/luxcar.md\/en\/wp-json\/wp\/v2\/types\/page"}],"author":[{"embeddable":true,"href":"https:\/\/luxcar.md\/en\/wp-json\/wp\/v2\/users\/1"}],"replies":[{"embeddable":true,"href":"https:\/\/luxcar.md\/en\/wp-json\/wp\/v2\/comments?post=866"}],"version-history":[{"count":16,"href":"https:\/\/luxcar.md\/en\/wp-json\/wp\/v2\/pages\/866\/revisions"}],"predecessor-version":[{"id":4873,"href":"https:\/\/luxcar.md\/en\/wp-json\/wp\/v2\/pages\/866\/revisions\/4873"}],"wp:attachment":[{"href":"https:\/\/luxcar.md\/en\/wp-json\/wp\/v2\/media?parent=866"}],"curies":[{"name":"wp","href":"https:\/\/api.w.org\/{rel}","templated":true}]}}