{"id":706,"date":"2023-08-12T15:12:01","date_gmt":"2023-08-12T13:12:01","guid":{"rendered":"http:\/\/luxcar.md\/homepage-2\/"},"modified":"2025-10-17T21:36:48","modified_gmt":"2025-10-17T19:36:48","slug":"long-term-car-rentals","status":"publish","type":"page","link":"https:\/\/luxcar.md\/en\/long-term-car-rentals\/","title":{"rendered":"Long-term car rentals in Chisinau"},"content":{"rendered":"<div id=\"services\" class=\"vc_row wpb_row vc_row-fluid om-container vc_row-full-width\"><div class=\"om-container\"><div class=\"wpb_column vc_column_container vc_col-sm-12\"><div class=\"vc_column-inner\"><div class=\"wpb_wrapper\">\n\t<div class=\"wpb_text_column wpb_content_element\" >\n\t\t<div class=\"wpb_wrapper\">\n\t\t\t<h1 class=\"s2\">Long-term car rentals in Chisinau and Moldova<\/h1>\n<p>Renting a car for a long term can be a very reasonable step in the event that a man or woman runs out of personal vehicle.  Drivers know this feeling very well: an unpleasant journey in a bus, trolleybus and taxi, with no control over personal time, which negatively affects their own routine.<\/p>\n<h3>The basis for long-term car rental<\/h3>\n<ul>\n<li>Restoration and elimination of damages resulting from the breakdown of the machine<\/li>\n<li>Repair and prevention<\/li>\n<li>The vehicle used by family and friends<\/li>\n<li>It is required a personal auxiliary vehicle and suitable for work<\/li>\n<li>Share your reasons<\/li>\n<li class=\"translation-block\">Cheap car rental in Moldova and Chisinau<\/li>\n<\/ul>\n<p>Please call the indicated phone number, speak with a professional operator, place an order or submit an online request<\/p>\n<h2>Rent a car for a month<\/h2>\n<p class=\"translation-block\">There is a well-known superstition that renting a car for a month is an exclusive advantage of the population of rich Western countries, and it came to Moldova at the suggestion of foreign tourists, because only this part of the population, going abroad, <a href=\"\/en\/car-rental-without-driver\/\" target=\"_self\">rents a car without a driver<\/a> in total for a few  days. Obviously, on a short vacation or holiday, it is not possible to rent a car for the long term, but it is not necessary either. However, this does not mean that long-term car rental is only profitable abroad.<\/p>\n<p>Such a superstition is easy to dispel with accurate and real data of our company, because the price of a long-term car rental in Chisinau is 60-70% of the initial rate per day.<\/p>\n<p>In other words, the longer the rental period, the lower the price of renting the car for a long term, such as for a month, and decreases almost to the level of everyday expenses for a personal car.<\/p>\n<h2>The benefits of renting from Luxcar.md<\/h2>\n<p>The car at the salon has an insurance policy. Cars of different price groups and quality classes are presented for use: from economy - Volkswagen Juke, Skoda Fabia, Renault Megane, to the middle level of BMW 3, Toyota Corolla, to business class BMW 5, Audi A7, Renault  Talisman, Skoda Superb.  , SUVs - BMW X1-X5, Audi Q5 S, and finally the VIP segment - Porshe Cayenne S, BMW 7, BMW X6 M, Mercedes GLE Coupe AMG63, Mercedes V-class. In addition, there is the possibility to rent a car in Chisinau for a month of commercial cars.<\/p>\n<p>There are required few sources of documents to proof the identity: a passport or identity card, a driving license and a bank card.<\/p>\n<p>Se propune furnizarea de accesorii suplimentare \u0219i echipamente electronice. De exemplu, GPS-ul va costa doar 5 euro pe zi, iar un scaun pentru copii este \u00eentotdeauna eliberat gratuit.<\/p>\n<p class=\"translation-block\">If you need <a href=\"\/en\/car-delivery-airport-chsinau\/\" target=\"_self\">delivery of cars to the airport or Chisinau<\/a>, please specify this at the time of ordering, it is completely free.<\/p>\n<h3>Renting a car for a long period is very easy<\/h3>\n<p class=\"translation-block\">Everything is simple if it is handled by professional specialists. Our salon strives to provide consumers with a first-class level of service, the highest possible in modern life. We complement our car fleet by updating it with new models or novelties on demand, valuable in the automotive industry market, which have their own luxury and individual appeal. We constantly improve communication and interaction between consulting managers and clients, analyzing in detail and taking into account requests and applications, requirements, wishes and recommendations, reviews and comments.  Due to this, the <a href=\"\/en\/\" target=\"_self\">long-term car rental service<\/a> in Moldova aims to provide relevant assistance to the client, practical and useful, in the absence of any difficulties and problems.<\/p>\n<p>Luxcar.md has an active program for loyal customers. We value human qualities such as humanity, honesty and decency, conscientiousness and accuracy in fulfilling the terms of the contract. For loyal customers and those who often use our services, have an impeccable history of cooperation and joint activities, an attractive system of discounts, a personal manager, a favorable attitude and special attention of the team, participation in company promotions are available.<\/p>\n<p>We are always able to listen to the circumstances and understand the customer's position and point of view, especially with a long-term car rental contract. Such a service is still quite new on the car rental market, and both parties to the contract have rather extensive conditions and wishes for it. This means that success and well-being await only those companies that take maximum account of customer requirements in order to fully meet consumer expectations and guarantee high quality of services.<\/p>\n<p class=\"translation-block\">Welcome to our salon. We invite you to feel the maximum of the facilities and absolute comfort offered by the \"<a href=\"\/en\/\" target=\"_self\">Luxcar.md<\/a>\" company, when you rent a car for short term period in Chisinau.<\/p>\n\n\t\t<\/div>\n\t<\/div>\n<div class=\"vc_empty_space\"   style=\"height: 40px\"><span class=\"vc_empty_space_inner\"><\/span><\/div><\/div><\/div><\/div><\/div><\/div><div id=\"locations\" class=\"vc_row wpb_row vc_row-fluid om-container vc_row-full-width vc_row-stretch-content vc_row-no-padding\"><div class=\"om-container\"><div class=\"wpb_column vc_column_container vc_col-sm-12\"><div class=\"vc_column-inner\"><div class=\"wpb_wrapper\">\t<div class=\"vc_om-rental-locations\" >\n\t\t<div class=\"om-rental-locations__header\">\n\t\t\t<div class=\"om-container\">\n\t\t\t\t<div class=\"om-rental-locations__header-inner om-container__inner\">\n\t\t\t\t\t\t\t\t\t\t\t<h3 class=\"om-rental-locations__title\">Car rental stations<\/h3>\n\t\t\t\t\t\t\t\t\t\t<div class=\"om-rental-locations__selector\">\n\t\t\t\t\t\t<select class=\"om-rental-locations__select\">\n\t\t\t\t\t\t<option value=\"17\" data-address=\"Bulevardul Dacia 80\/3, Chi\u0219in\u0103u 2026, Moldova\" data-geo-lat=\"46.93530319550861\" data-geo-lng=\"28.935473949709824\">Chisinau Airport<\/option><option value=\"18\" data-address=\"Str. Arborilor 19, Chi\u0219in\u0103u, Moldova\" data-geo-lat=\"47.00439568587144\" data-geo-lng=\"28.841308099999996\">Strada Burebista 17, Chi\u0219in\u0103u, Moldova<\/option>\t\t\t\t\t\t<\/select>\n\t\t\t\t\t<\/div>\n\t\t\t\t<\/div>\n\t\t\t<\/div>\n\t\t<\/div>\n\t\t<div class=\"om-rental-locations__map\" style=\"height:370px\" data-map-zoom=\"16\" data-map-marker=\"https:\/\/luxcar.md\/wp-content\/themes\/wheelsberry\/img\/map-marker.png\"><\/div>\n\t<\/div>\n\t<\/div><\/div><\/div><\/div><\/div><div id=\"testimonials\" class=\"vc_row wpb_row vc_row-fluid om-container vc_custom_1470247299737 vc_row-has-fill vc_row-full-width\"><div class=\"om-container\"><div class=\"wpb_column vc_column_container vc_col-sm-12\"><div class=\"vc_column-inner\"><div class=\"wpb_wrapper\"><div class=\"vc_empty_space\"   style=\"height: 40px\"><span class=\"vc_empty_space_inner\"><\/span><\/div><h2  style=\"text-align: center\" class=\"vc_custom_heading\" >What our clients say about us?<\/h2><div class=\"vc_om-testimonials wpb_content_element owl-carousel\"><div class=\"om-testimonials__item\"><div class=\"om-testimonials__content\"><p>A fost prima dat\u0103 c\u00e2nd am \u00eenchiriat de la LUXCAR.MD \u0219i am fost foarte mul\u021bumi\u021bi de \u00eentreaga experien\u021b\u0103. Pre\u021bul dvs. a fost mai mic dec\u00e2t alte companii. Experien\u021ba noastr\u0103 de \u00eenchiriere a fost bun\u0103 de la \u00eenceput p\u00e2n\u0103 la sf\u00e2r\u0219it, a\u0219a c\u0103 vom reveni \u00een viitor.<\/p>\n<\/div><div class=\"om-testimonials__author\">Nicolae Cebotari, Chisinau<\/div><\/div><div class=\"om-testimonials__item\"><div class=\"om-testimonials__content\"><p>I love the service from LUXCAR.MD, however the vehicle was not of the standard of cleanliness I would expect and am accustomed to.<\/p>\n<\/div><div class=\"om-testimonials__author\">Elena Muntean, London<\/div><\/div><div class=\"om-testimonials__item\"><div class=\"om-testimonials__content\"><p>\u041f\u0440\u043e\u0444\u0435\u0441\u0441\u0438\u043e\u043d\u0430\u043b\u044c\u043d\u044b\u0435 \u0441\u043e\u0442\u0440\u0443\u0434\u043d\u0438\u043a\u0438, \u043a\u043e\u0442\u043e\u0440\u044b\u0435 \u0437\u043d\u0430\u044e\u0442, \u0447\u0442\u043e \u0434\u0435\u043b\u0430\u0442\u044c. \u041f\u043e\u0441\u043b\u0435 \u0434\u043e\u043b\u0433\u043e\u0433\u043e \u0434\u043d\u044f \u0432 \u043f\u0443\u0442\u0435\u0448\u0435\u0441\u0442\u0432\u0438\u0438, \u043e\u0431\u0449\u0435\u043d\u0438\u0435 \u0441 \u0434\u0440\u0443\u0436\u0435\u043b\u044e\u0431\u043d\u044b\u043c\u0438 \u0438 \u0432\u0435\u0436\u043b\u0438\u0432\u044b\u043c\u0438 \u043b\u044e\u0434\u044c\u043c\u0438 \u0438\u043c\u0435\u0435\u0442 \u0431\u043e\u043b\u044c\u0448\u043e\u0435 \u0437\u043d\u0430\u0447\u0435\u043d\u0438\u0435.<\/p>\n<\/div><div class=\"om-testimonials__author\">\u041e\u043b\u0435\u043a\u0441\u0430\u043d\u0434\u0440 \u041e\u0441\u0442\u0430\u043f\u0435\u043d\u043a\u043e, \u041a\u0438\u0435\u0432<\/div><\/div><\/div><\/div><\/div><\/div><\/div><\/div><div id=\"contacts\" class=\"vc_row wpb_row vc_row-fluid om-container vc_row-full-width\"><div class=\"om-container\"><div class=\"wpb_column vc_column_container vc_col-sm-12\"><div class=\"vc_column-inner\"><div class=\"wpb_wrapper\"><h2  style=\"text-align: center\" class=\"vc_custom_heading\" >Our partners<\/h2><div class=\"vc_om-logos wpb_content_element vc_om-logos-layout-full vc_om-logos-grayscale\"><div class=\"vc_om-logos-inner\"><div class=\"vc_om-logos-container\"><div class=\"vc_om-logos-item\"><div class=\"vc_om-logos-img-w\"><img loading=\"lazy\" decoding=\"async\" width=\"296\" height=\"75\" src=\"https:\/\/luxcar.md\/wp-content\/uploads\/2022\/10\/SEVEN-logo-small-partners-luxcar-e1696539398676.png\"><\/div><\/div><div class=\"vc_om-logos-item\"><div class=\"vc_om-logos-img-w\"><img loading=\"lazy\" decoding=\"async\" width=\"250\" height=\"85\" src=\"https:\/\/luxcar.md\/wp-content\/uploads\/2022\/11\/logo-deblocarea-luxcar-partners.png\"><\/div><\/div><\/div><\/div><\/div><div class=\"vc_empty_space\"   style=\"height: 20px\"><span class=\"vc_empty_space_inner\"><\/span><\/div><\/div><\/div><\/div><\/div><\/div>","protected":false},"excerpt":{"rendered":"","protected":false},"author":1,"featured_media":0,"parent":0,"menu_order":0,"comment_status":"closed","ping_status":"closed","template":"","meta":{"footnotes":""},"class_list":["post-706","page","type-page","status-publish","hentry"],"_links":{"self":[{"href":"https:\/\/luxcar.md\/en\/wp-json\/wp\/v2\/pages\/706","targetHints":{"allow":["GET"]}}],"collection":[{"href":"https:\/\/luxcar.md\/en\/wp-json\/wp\/v2\/pages"}],"about":[{"href":"https:\/\/luxcar.md\/en\/wp-json\/wp\/v2\/types\/page"}],"author":[{"embeddable":true,"href":"https:\/\/luxcar.md\/en\/wp-json\/wp\/v2\/users\/1"}],"replies":[{"embeddable":true,"href":"https:\/\/luxcar.md\/en\/wp-json\/wp\/v2\/comments?post=706"}],"version-history":[{"count":16,"href":"https:\/\/luxcar.md\/en\/wp-json\/wp\/v2\/pages\/706\/revisions"}],"predecessor-version":[{"id":4863,"href":"https:\/\/luxcar.md\/en\/wp-json\/wp\/v2\/pages\/706\/revisions\/4863"}],"wp:attachment":[{"href":"https:\/\/luxcar.md\/en\/wp-json\/wp\/v2\/media?parent=706"}],"curies":[{"name":"wp","href":"https:\/\/api.w.org\/{rel}","templated":true}]}}