{"id":2203,"date":"2023-08-12T15:12:01","date_gmt":"2023-08-12T13:12:01","guid":{"rendered":"http:\/\/luxcar.md\/inchirieri-auto-pe-termen-lung-2\/"},"modified":"2025-09-30T12:51:18","modified_gmt":"2025-09-30T10:51:18","slug":"faqs","status":"publish","type":"page","link":"https:\/\/luxcar.md\/en\/faqs\/","title":{"rendered":"Frequently asked questions before renting a car"},"content":{"rendered":"<div id=\"services\" class=\"vc_row wpb_row vc_row-fluid om-container vc_row-full-width\"><div class=\"om-container\"><div class=\"wpb_column vc_column_container vc_col-sm-12\"><div class=\"vc_column-inner\"><div class=\"wpb_wrapper\">\n\t<div class=\"wpb_text_column wpb_content_element \" >\n\t\t<div class=\"wpb_wrapper\">\n\t\t\t<h1>Frecvente \u00eentreb\u0103ri \u00eenainte de a \u00eenchiria o ma\u0219in\u0103<\/h1>\n<p>&nbsp;<\/p>\n<p><strong>Bun\u0103 ziua! V\u0103 \u00eentreba\u021bi dac\u0103 pute\u021bi \u00eenchiria o ma\u0219in\u0103 cu \u0219ofer ?<\/strong><\/p>\n<p style=\"font-weight: 400;\">Desigur, la noi pute\u021bi \u00eenchiria o ma\u0219in\u0103 at\u00e2t cu \u0219ofer, c\u00e2t \u0219i <a href=\"\/inchirierea-auto-fara-sofer\/\">\u00eenchiriere f\u0103r\u0103 \u0219ofer<\/a>. \u00cen cazul \u00een care opta\u021bi pentru \u00eenchirierea cu \u0219ofer, plata se face pe baz\u0103 de ore.<\/p>\n<p>&nbsp;<\/p>\n<p style=\"font-weight: 400;\"><strong>Dori\u021bi s\u0103 \u0219ti\u021bi dac\u0103 oferim servicii de livrare \u0219i preluare a ma\u0219inii ? <\/strong><\/p>\n<p style=\"font-weight: 400;\">Da, avem servicii de livrare \u0219i preluare disponibile \u00een orice loca\u021bie din Chi\u0219in\u0103u \u0219i de asemenea, <a href=\"\/livrare-masinilor-aeroport-chisinau\/\">la Aeroportul Interna\u021bional Chi\u0219in\u0103u<\/a>.<\/p>\n<p>&nbsp;<\/p>\n<p style=\"font-weight: 400;\"><strong>Este posibil s\u0103 c\u0103l\u0103tori\u021bi cu ma\u0219ina noastr\u0103 \u00een afara Republicii Moldova ? <\/strong><\/p>\n<p style=\"font-weight: 400;\">Da, este posibil s\u0103 ie\u0219i\u021bi din \u021bar\u0103 cu ma\u0219ina \u00eenchiriat\u0103, \u00eens\u0103 trebuie s\u0103 coordon\u0103m \u021b\u0103rile de destina\u021bie \u00een prealabil. Fiecare caz este tratat individual, iar condi\u021biile de \u00eenchiriere pot varia \u00een func\u021bie de teritoriu.<\/p>\n<p>&nbsp;<\/p>\n<p style=\"font-weight: 400;\"><strong>Este inclus combustibilul \u00een pre\u021bul \u00eenchirierii ma\u0219inii ? <\/strong><\/p>\n<p style=\"font-weight: 400;\">Nu, alimentarea cu combustibil este responsabilitatea dumneavoastr\u0103. La preluarea ma\u0219inii, nivelul combustibilului din rezervor este \u00eenregistrat \u0219i la returnare se compar\u0103 aceste date. \u00cen cazul \u00een care nu reu\u0219i\u021bi s\u0103 alimenta\u021bi ma\u0219ina, putem calcula o sum\u0103 suplimentar\u0103 pentru lipsa combustibilului.<\/p>\n<p>&nbsp;<\/p>\n<p style=\"font-weight: 400;\"><strong>Trebuie s\u0103 sp\u0103l\u0103m ma\u0219ina \u00eenainte de returnare ? <\/strong><\/p>\n<p style=\"font-weight: 400;\">Da, deoarece la preluarea ma\u0219inii se \u00eenregistreaz\u0103 starea acesteia at\u00e2t \u00een interior, c\u00e2t \u0219i la exterior.<\/p>\n<p>&nbsp;<\/p>\n<p style=\"font-weight: 400;\"><strong>Este posibil\u0103 \u00eenchirierea unei ma\u0219ini f\u0103r\u0103 depozit ? <\/strong><\/p>\n<p style=\"font-weight: 400;\">Nu, ma\u0219ina este furnizat\u0103 doar dup\u0103 ce \u00eenchirierea este pl\u0103tit\u0103 \u0219i depozitul este depus. Suma depozitului variaz\u0103 \u00een func\u021bie de modelul ma\u0219inii \u00eenchiriate.<\/p>\n<p>&nbsp;<\/p>\n<p style=\"font-weight: 400;\"><strong>Ce documente sunt necesare pentru \u00eenchirierea unei ma\u0219ini ? <\/strong><\/p>\n<p style=\"font-weight: 400;\">Pentru <a href=\"\/inchiriere-suv-masini-off-road\/\">a rezerva o ma\u0219in\u0103<\/a>, trebuie s\u0103 trimite\u021bi fotografii clare ale urm\u0103toarelor documente sau s\u0103 le ave\u021bi la dumneavoastr\u0103 la semnarea contractului:<\/p>\n<ul>\n<li style=\"font-weight: 400;\">Buletinul de identitate (pagina principal\u0103);<\/li>\n<li style=\"font-weight: 400;\">Cartea de identitate (fa\u021ba \u0219i verso);<\/li>\n<li style=\"font-weight: 400;\">Permisul de conducere (fa\u021ba \u0219i verso).<\/li>\n<\/ul>\n<p>&nbsp;<\/p>\n<p style=\"font-weight: 400;\"><strong>Care este v\u00e2rsta minim\u0103 \u0219i experien\u021ba minim\u0103 de conducere necesar\u0103 pentru \u00eenchirierea unei ma\u0219ini ? <\/strong><\/p>\n<p style=\"font-weight: 400;\">V\u00e2rsta minim\u0103 pentru<a href=\"\/inchiriere-masini-clasa-economica\/\"> \u00eenchirierea unei ma\u0219ini economice<\/a> sau de confort este de 21 de ani. Experien\u021ba de conducere trebuie s\u0103 fie de cel pu\u021bin 3 ani. Pentru <a href=\"\/inchiriere-masini-clasa-business\/\">\u00eenchirierea unei ma\u0219ini de clas\u0103 business<\/a> sau <a href=\"\/inchiriere-masini-clasa-premium\/\">premium<\/a>, v\u00e2rsta minim\u0103 trebuie s\u0103 fie de cel pu\u021bin 23 de ani. Experien\u021ba de conducere de cel pu\u021bin 5 ani.<\/p>\n<p>&nbsp;<\/p>\n<p style=\"font-weight: 400;\"><strong>Cum sunt asigurate ma\u0219inile dumneavoastr\u0103 ? <\/strong><\/p>\n<p style=\"font-weight: 400;\">Toate ma\u0219inile din parcul nostru sunt asigurate conform poli\u021bei de asigurare obligatorie. Asigurarea CASCO poate fi discutat\u0103 individual cu o tax\u0103 suplimentar\u0103.<\/p>\n<p>&nbsp;<\/p>\n<p style=\"font-weight: 400;\"><strong>Exist\u0103 o limit\u0103 de kilometri ? <\/strong><\/p>\n<p style=\"font-weight: 400;\">Utilizarea \u00een Republica Moldova este limitat\u0103 la 150 km\/zi. Utilizarea \u00een afara \u021b\u0103rii este discutat\u0103 individual.<\/p>\n<p>&nbsp;<\/p>\n<p style=\"font-weight: 400;\"><strong>Exist\u0103 o limit\u0103 de vitez\u0103 ? <\/strong><\/p>\n<p style=\"font-weight: 400;\">Da, exist\u0103. Viteza maxim\u0103 este de 135 km\/h.<\/p>\n<p>&nbsp;<\/p>\n<p style=\"font-weight: 400;\"><strong>Ce trebuie f\u0103cut \u00een caz de accident rutier ? <\/strong><\/p>\n<p style=\"font-weight: 400;\">Trebuie s\u0103 suna\u021bi imediat la poli\u021bie \u0219i apoi s\u0103 contacta\u021bi managerii companiei noastre. Dac\u0103 este posibil, face\u021bi fotografii din diferite unghiuri. A\u0219tepta\u021bi sosirea poli\u021biei \u0219i completa\u021bi toate formularele necesare. La returnarea ma\u0219inii, transmite\u021bi documentele despre accident tehnicului nostru sau managerului companiei.<\/p>\n<p>&nbsp;<\/p>\n<p style=\"font-weight: 400;\"><strong>Cum se pl\u0103tesc amenzile de circula\u021bie ? <\/strong><\/p>\n<p style=\"font-weight: 400;\">\u0218oferul \u00eenchirietor pl\u0103te\u0219te amenzile de circula\u021bie \u00een mod independent. Atunci c\u00e2nd primim o amend\u0103 pentru ma\u0219ina folosit\u0103 \u00een perioada \u00eenchirierii, v\u0103 inform\u0103m despre aceasta. Pe baza contractului, datele dumneavoastr\u0103 sunt introduse \u00een procesul-verbal, iar poli\u021bia v\u0103 contacteaz\u0103 direct. Pentru cele mai multe amenzi, se acord\u0103 o reducere de 50% \u00een primele 72 de ore de la confirmarea \u0219i semnarea procesului-verbal.<\/p>\n<p>&nbsp;<\/p>\n<p style=\"font-weight: 400;\"><strong>Ce trebuie f\u0103cut dac\u0103 ma\u0219ina se stric\u0103 \u00een timpul \u00eenchirierii ? <\/strong><\/p>\n<p style=\"font-weight: 400;\">\u00cenainte de <a href=\"\/chirie-auto-ieftina-chisinau\/\">fiecare \u00eenchiriere<\/a>, ma\u0219inile noastre trec printr-un proces de verificare atent\u0103, astfel \u00eenc\u00e2t \u00eentotdeauna oferim ma\u0219ini \u00een stare perfect\u0103 de func\u021bionare. Cu toate acestea, ma\u0219inile sunt tehnologie \u0219i pot \u00eent\u00e2mpina defec\u021biuni. \u00cen cazul unei astfel de situa\u021bii, trebuie s\u0103 contacta\u021bi un tehnician\/manager al companiei noastre, s\u0103 descrie\u021bi problema (dac\u0103 este posibil, ata\u0219a\u021bi fotografii\/video ale defec\u021biunii). Vom face tot posibilul pentru a rezolva problema c\u00e2t mai rapid posibil.<\/p>\n<p>&nbsp;<\/p>\n<p style=\"font-weight: 400;\"><strong>Pot s\u0103 nu trimit fotografii ale documentelor mele \u0219i s\u0103 completez formularul offline la birou ? <\/strong><\/p>\n<p style=\"font-weight: 400;\">Da, desigur, pute\u021bi s\u0103 nu trimite\u021bi scan\u0103ri\/fotografii ale documentelor. Pute\u021bi furniza toate datele dumneavoastr\u0103 \u00een text (data emiterii documentului, seria, num\u0103rul etc.). Dac\u0103 aceast\u0103 op\u021biune nu v\u0103 convine, pute\u021bi veni la biroul nostru \u0219i s\u0103 depune\u021bi personal o cerere de \u00eenchiriere. Cu toate acestea, pentru a economisi timpul dumneavoastr\u0103, putem crea <a href=\"\/\">cererea de \u00eenchiriere<\/a> pentru ma\u0219in\u0103 de la distan\u021b\u0103.<\/p>\n<p>&nbsp;<\/p>\n<p style=\"font-weight: 400;\"><strong>Trebuie s\u0103 vin la birou pentru prelungirea \u00eenchirierii dac\u0103 doresc s\u0103 beneficiez de serviciul de livrare ? <\/strong><\/p>\n<p style=\"font-weight: 400;\">\u00cen cazul \u00een care ave\u021bi nevoie de preluarea ma\u0219inii, pute\u021bi trimite o cerere de <a href=\"\/inchirieri-auto-pe-termen-lung\/\">\u00eenchiriere de la distan\u021b\u0103<\/a>. Dup\u0103 examinarea cererii, ma\u0219ina va fi livrat\u0103 la adresa indicat\u0103. \u0218oferul va aduce ma\u0219ina \u0219i toat\u0103 documenta\u021bia necesar\u0103 (documentele ma\u0219inii, contractul, procesul-verbal de preluare-livrare a ma\u0219inii). Plata se face la momentul primirii ma\u0219inii.<strong>\u00a0<\/strong><\/p>\n<p>&nbsp;<\/p>\n<p style=\"font-weight: 400;\"><strong>Este obligatoriu s\u0103 vin la birou pentru prelungirea \u00eenchirierii ?<\/strong><\/p>\n<p style=\"font-weight: 400;\">\u00cen cazul \u00een care dori\u021bi s\u0103 <a href=\"\/inchiriere-minivan\/\">prelungi\u021bi \u00eenchirierea<\/a>, pute\u021bi face plata pentru prelungirea \u00eenchirierii de la distan\u021b\u0103 \u0219i noi v\u0103 vom trimite un acord suplimentar pentru prelungirea \u00eenchirierii \u00een conformitate cu contractul existent.<\/p>\n<p>&nbsp;<\/p>\n<p style=\"font-weight: 400;\"><strong>Ce trebuie f\u0103cut dac\u0103 nu reu\u0219esc s\u0103 returnez ma\u0219ina la timp ? <\/strong><\/p>\n<p style=\"font-weight: 400;\">\u00cen acest caz, plata pentru orele suplimentare de \u00eenchiriere se calculeaz\u0103 \u00een func\u021bie de momentul return\u0103rii efective a ma\u0219inii. O \u00eent\u00e2rziere de la 2 la 8 ore se pl\u0103te\u0219te ca jum\u0103tate din pre\u021bul de <a href=\"\/inchirieri-auto-pe-zi\/\">\u00eenchiriere zilnic<\/a>, iar o \u00eent\u00e2rziere de mai mult de 8 ore se pl\u0103te\u0219te la pre\u021bul integral al \u00eenchirierii zilnice a ma\u0219inii.<\/p>\n<p>&nbsp;<\/p>\n<p style=\"font-weight: 400;\"><strong>Pot s\u0103 \u00eenchei un contract \u00een numele meu \u0219i s\u0103 \u00eempart utilizarea ma\u0219inii cu so\u021bia\/so\u021bul\/fratele\/colegul ? <\/strong><\/p>\n<p style=\"font-weight: 400;\">Transferul volanului c\u0103tre ter\u021bi care nu sunt men\u021biona\u021bi \u00een contract este strict interzis. Dar dac\u0103 \u0219ti\u021bi dinainte c\u0103 vor fi mai mul\u021bi \u0219oferi, putem ad\u0103uga imediat num\u0103rul necesar de persoane autorizate s\u0103 conduc\u0103 ma\u0219ina \u00een contract.<\/p>\n<p>&nbsp;<\/p>\n<p style=\"font-weight: 400;\"><strong>Este permis fumatul \u00een ma\u0219inile dumneavoastr\u0103 ? <\/strong><\/p>\n<p style=\"font-weight: 400;\">Fumatul \u00een ma\u0219in\u0103 este strict interzis \u0219i implic\u0103 o amend\u0103 de 300 de euro. Cu toate acestea, este permis\u0103 utilizarea dispozitivelor electronice de vapare\/\u00eenc\u0103lzire, care nu implic\u0103 ardere.<\/p>\n<p>&nbsp;<\/p>\n<p style=\"font-weight: 400;\"><strong>Pot \u00eenchiria o ma\u0219in\u0103 cu un an \u0219i patru luni de experien\u021b\u0103 de conducere ? <\/strong><\/p>\n<p style=\"font-weight: 400;\">Cu o experien\u021b\u0103 at\u00e2t de mic\u0103, din p\u0103cate, nu este posibil. Experien\u021ba minim\u0103 necesar\u0103 este de 3 ani pentru ma\u0219inile din clasele economice \u0219i de confort, \u0219i de 5 ani pentru ma\u0219inile din clasele business \u0219i premium.<\/p>\n\n\t\t<\/div>\n\t<\/div>\n<div class=\"vc_empty_space\"   style=\"height: 40px\"><span class=\"vc_empty_space_inner\"><\/span><\/div>\n\t<div class=\"wpb_raw_code wpb_content_element wpb_raw_html\" >\n\t\t<div class=\"wpb_wrapper\">\n\t\t\t<script>\n        (function(w,d,s,r,n){w.TrustpilotObject=n;w[n]=w[n]||function(){(w[n].q=w[n].q||[]).push(arguments)};\n            a=d.createElement(s);a.async=1;a.src=r;a.type='text\/java'+s;f=d.getElementsByTagName(s)[0];\n            f.parentNode.insertBefore(a,f)})(window,document,'script', 'https:\/\/invitejs.trustpilot.com\/tp.min.js', 'tp');\n            tp('register', 'BfVMheo9g66dJ1Mz');\n<\/script>\n\t\t<\/div>\n\t<\/div>\n<\/div><\/div><\/div><\/div><\/div><div id=\"locations\" class=\"vc_row wpb_row vc_row-fluid om-container vc_row-full-width vc_row-stretch-content vc_row-no-padding\"><div class=\"om-container\"><div class=\"wpb_column vc_column_container vc_col-sm-12\"><div class=\"vc_column-inner\"><div class=\"wpb_wrapper\">\t<div class=\"vc_om-rental-locations\" >\n\t\t<div class=\"om-rental-locations__header\">\n\t\t\t<div class=\"om-container\">\n\t\t\t\t<div class=\"om-rental-locations__header-inner om-container__inner\">\n\t\t\t\t\t\t\t\t\t\t\t<h3 class=\"om-rental-locations__title\">Sta\u021bii de \u00eenchiriere auto<\/h3>\n\t\t\t\t\t\t\t\t\t\t<div class=\"om-rental-locations__selector\">\n\t\t\t\t\t\t<select class=\"om-rental-locations__select\">\n\t\t\t\t\t\t<option value=\"17\" data-address=\"Bulevardul Dacia 80\/3, Chi\u0219in\u0103u 2026, Moldova\" data-geo-lat=\"46.93530319550861\" data-geo-lng=\"28.935473949709824\">Chisinau Airport<\/option><option value=\"18\" data-address=\"Str. Arborilor 19, Chi\u0219in\u0103u, Moldova\" data-geo-lat=\"47.00439568587144\" data-geo-lng=\"28.841308099999996\">Strada Burebista 17, Chi\u0219in\u0103u, Moldova<\/option>\t\t\t\t\t\t<\/select>\n\t\t\t\t\t<\/div>\n\t\t\t\t<\/div>\n\t\t\t<\/div>\n\t\t<\/div>\n\t\t<div class=\"om-rental-locations__map\" style=\"height:370px\" data-map-zoom=\"16\" data-map-marker=\"https:\/\/luxcar.md\/wp-content\/themes\/wheelsberry\/img\/map-marker.png\"><\/div>\n\t<\/div>\n\t<\/div><\/div><\/div><\/div><\/div><div id=\"testimonials\" class=\"vc_row wpb_row vc_row-fluid om-container vc_custom_1470247299737 vc_row-has-fill vc_row-full-width\"><div class=\"om-container\"><div class=\"wpb_column vc_column_container vc_col-sm-12\"><div class=\"vc_column-inner\"><div class=\"wpb_wrapper\"><div class=\"vc_empty_space\"   style=\"height: 40px\"><span class=\"vc_empty_space_inner\"><\/span><\/div><h2  style=\"text-align: center\" class=\"vc_custom_heading\" >Ce spun clien\u021bii despre noi?<\/h2><div class=\"vc_om-testimonials wpb_content_element owl-carousel\"><div class=\"om-testimonials__item\"><div class=\"om-testimonials__content\"><p>A fost prima dat\u0103 c\u00e2nd am \u00eenchiriat de la LUXCAR.MD \u0219i am fost foarte mul\u021bumi\u021bi de \u00eentreaga experien\u021b\u0103. Pre\u021bul dvs. a fost mai mic dec\u00e2t alte companii. Experien\u021ba noastr\u0103 de \u00eenchiriere a fost bun\u0103 de la \u00eenceput p\u00e2n\u0103 la sf\u00e2r\u0219it, a\u0219a c\u0103 vom reveni \u00een viitor.<\/p>\n<\/div><div class=\"om-testimonials__author\">Nicolae Cebotari, Chisinau<\/div><\/div><div class=\"om-testimonials__item\"><div class=\"om-testimonials__content\"><p>I love the service from LUXCAR.MD, however the vehicle was not of the standard of cleanliness I would expect and am accustomed to.<\/p>\n<\/div><div class=\"om-testimonials__author\">Elena Muntean, London<\/div><\/div><div class=\"om-testimonials__item\"><div class=\"om-testimonials__content\"><p>\u041f\u0440\u043e\u0444\u0435\u0441\u0441\u0438\u043e\u043d\u0430\u043b\u044c\u043d\u044b\u0435 \u0441\u043e\u0442\u0440\u0443\u0434\u043d\u0438\u043a\u0438, \u043a\u043e\u0442\u043e\u0440\u044b\u0435 \u0437\u043d\u0430\u044e\u0442, \u0447\u0442\u043e \u0434\u0435\u043b\u0430\u0442\u044c. \u041f\u043e\u0441\u043b\u0435 \u0434\u043e\u043b\u0433\u043e\u0433\u043e \u0434\u043d\u044f \u0432 \u043f\u0443\u0442\u0435\u0448\u0435\u0441\u0442\u0432\u0438\u0438, \u043e\u0431\u0449\u0435\u043d\u0438\u0435 \u0441 \u0434\u0440\u0443\u0436\u0435\u043b\u044e\u0431\u043d\u044b\u043c\u0438 \u0438 \u0432\u0435\u0436\u043b\u0438\u0432\u044b\u043c\u0438 \u043b\u044e\u0434\u044c\u043c\u0438 \u0438\u043c\u0435\u0435\u0442 \u0431\u043e\u043b\u044c\u0448\u043e\u0435 \u0437\u043d\u0430\u0447\u0435\u043d\u0438\u0435.<\/p>\n<\/div><div class=\"om-testimonials__author\">\u041e\u043b\u0435\u043a\u0441\u0430\u043d\u0434\u0440 \u041e\u0441\u0442\u0430\u043f\u0435\u043d\u043a\u043e, \u041a\u0438\u0435\u0432<\/div><\/div><\/div><\/div><\/div><\/div><\/div><\/div><div id=\"contacts\" class=\"vc_row wpb_row vc_row-fluid om-container vc_row-full-width\"><div class=\"om-container\"><div class=\"wpb_column vc_column_container vc_col-sm-12\"><div class=\"vc_column-inner\"><div class=\"wpb_wrapper\"><h2  style=\"text-align: center\" class=\"vc_custom_heading\" >Partenerii no\u0219tri<\/h2><div class=\"vc_om-logos wpb_content_element vc_om-logos-layout-full vc_om-logos-grayscale\"><div class=\"vc_om-logos-inner\"><div class=\"vc_om-logos-container\"><div class=\"vc_om-logos-item\"><div class=\"vc_om-logos-img-w\"><img loading=\"lazy\" decoding=\"async\" width=\"296\" height=\"75\" src=\"https:\/\/luxcar.md\/wp-content\/uploads\/2022\/10\/SEVEN-logo-small-partners-luxcar-e1696539398676.png\"><\/div><\/div><div class=\"vc_om-logos-item\"><div class=\"vc_om-logos-img-w\"><img loading=\"lazy\" decoding=\"async\" width=\"250\" height=\"85\" src=\"https:\/\/luxcar.md\/wp-content\/uploads\/2022\/11\/logo-deblocarea-luxcar-partners.png\"><\/div><\/div><\/div><\/div><\/div><div class=\"vc_empty_space\"   style=\"height: 20px\"><span class=\"vc_empty_space_inner\"><\/span><\/div><\/div><\/div><\/div><\/div><\/div>\n","protected":false},"excerpt":{"rendered":"","protected":false},"author":1,"featured_media":0,"parent":0,"menu_order":0,"comment_status":"closed","ping_status":"closed","template":"","meta":{"footnotes":""},"class_list":["post-2203","page","type-page","status-publish","hentry"],"_links":{"self":[{"href":"https:\/\/luxcar.md\/en\/wp-json\/wp\/v2\/pages\/2203","targetHints":{"allow":["GET"]}}],"collection":[{"href":"https:\/\/luxcar.md\/en\/wp-json\/wp\/v2\/pages"}],"about":[{"href":"https:\/\/luxcar.md\/en\/wp-json\/wp\/v2\/types\/page"}],"author":[{"embeddable":true,"href":"https:\/\/luxcar.md\/en\/wp-json\/wp\/v2\/users\/1"}],"replies":[{"embeddable":true,"href":"https:\/\/luxcar.md\/en\/wp-json\/wp\/v2\/comments?post=2203"}],"version-history":[{"count":12,"href":"https:\/\/luxcar.md\/en\/wp-json\/wp\/v2\/pages\/2203\/revisions"}],"predecessor-version":[{"id":49547,"href":"https:\/\/luxcar.md\/en\/wp-json\/wp\/v2\/pages\/2203\/revisions\/49547"}],"wp:attachment":[{"href":"https:\/\/luxcar.md\/en\/wp-json\/wp\/v2\/media?parent=2203"}],"curies":[{"name":"wp","href":"https:\/\/api.w.org\/{rel}","templated":true}]}}