{"id":2036,"date":"2023-08-12T15:12:01","date_gmt":"2023-08-12T13:12:01","guid":{"rendered":"http:\/\/luxcar.md\/inchirieri-auto-pe-termen-lung-2\/"},"modified":"2025-10-17T21:33:42","modified_gmt":"2025-10-17T19:33:42","slug":"off-road-suv-rental","status":"publish","type":"page","link":"https:\/\/luxcar.md\/en\/off-road-suv-rental\/","title":{"rendered":"SUV rental service in Chisinau"},"content":{"rendered":"<div id=\"services\" class=\"vc_row wpb_row vc_row-fluid om-container vc_row-full-width\"><div class=\"om-container\"><div class=\"wpb_column vc_column_container vc_col-sm-12\"><div class=\"vc_column-inner\"><div class=\"wpb_wrapper\">\n\t<div class=\"wpb_text_column wpb_content_element\" >\n\t\t<div class=\"wpb_wrapper\">\n\t\t\t<h1 style=\"font-weight: 400;\"><strong>Renting SUVs, Jeeps and Off-Road vehicles in Chisinau and Moldova<\/strong><\/h1>\n<p style=\"font-weight: 400;\">The service offered by our \"LUXCAR\" showroom - renting an SUV, is intriguing due to its unique features and affordable price. It's a type of vehicle that looks equally natural on a wide highway or in challenging mountainous terrain, a pristine forest near a tranquil river, or a bustling asphalt-covered metropolis.<\/p>\n<p style=\"font-weight: 400;\" class=\"translation-block\">An SUV, crossover, or jeep - all these names describe a large and spacious vehicle with a powerful engine. It's highly practical <a href=\"\/en\/premium-class-car-rental\/\" target=\"_self\">to rent such a vehicle<\/a> when there's a need for diverse activities.<\/p>\n<h2 style=\"font-weight: 400;\"><strong>SUV rental can be useful in situations like:<\/strong><\/h2>\n<ul>\n<li style=\"font-weight: 400;\">Transporting eight persons with bulky luggage, for instance, for active recreation (nature, beach), sports competitions, to neighboring and distant cities, regions, and villages, in a comfortable and spacious vehicle.<\/li>\n<li style=\"font-weight: 400;\">Arriving on time for serious negotiations and emphasizing one's privileged position as a successful and enterprising individual.<\/li>\n<li style=\"font-weight: 400;\">Organizing an official reception for VIP guests upon their arrival at the airport, train station, or another location and escorting them to the appropriate place.<\/li>\n<li style=\"font-weight: 400;\">Safely and quickly delivering important documents, business papers, funds, valuables, personal belongings, and items.<\/li>\n<li style=\"font-weight: 400;\">Renting an SUV for festive occasions: weddings, milestone birthdays, and many others.<\/li>\n<li style=\"font-weight: 400;\">Picking up and bringing children from daycare, school, gymnasium, or high school.<\/li>\n<\/ul>\n<p style=\"font-weight: 400;\">In reality, we've listed only the most well-known and encountered circumstances for which clients in an SUV rental.<\/p>\n<h2 style=\"font-weight: 400;\"><strong>Rent a SUV and Off-road vehicles without driver<\/strong><\/h2>\n<p style=\"font-weight: 400;\">The \"LUXCAR\" showroom has prepared various advantageous deals and special offers for long-term SUV rentals in Moldova. They are available for the entire population and businesses of the republic, as well as for residents and institutions from foreign countries. The established procedure involves placing a rental of a crossover with the payment of a minimum amount as a mandatory deposit.<\/p>\n<p style=\"font-weight: 400;\">The established procedure involves renting a crossover upon making a mandatory minimum deposit. The company's internal policy is based on principles of decency and mutual trust, forming the foundation for subsequent pleasant and constructive interactions. Given the diverse composition of our vehicle fleet, customers have a wide assortment to choose from.<\/p>\n<p style=\"font-weight: 400;\" class=\"translation-block\">Keep in mind that for <a href=\"\/en\/long-term-car-rentals\/\" target=\"_self\">long-term SUV rentals<\/a> of just 20 days, a significant discount ranging from 15-35% off the daily price from the initial cost is provided, and for 30 days or more, it can reach up to 40%.<\/p>\n<h2 style=\"font-weight: 400;\"><strong>Off-road vehicles and SUV rental is practical not only in terms of material benefits.<\/strong><\/h2>\n<p style=\"font-weight: 400;\">SUV rental is practical not only in terms of financial benefits. At \"Luxcar.md,\" it's easy and comfortable. The process for registering is as follows:<\/p>\n<ul>\n<li style=\"font-weight: 400;\" class=\"translation-block\">Call the operator using the provided phone numbers or fill out the dedicated form on the Luxcar.md website.<\/li>\n<li style=\"font-weight: 400;\">If the customer contacts via phone, they can directly hear and quickly become acquainted with the details of the future transaction and the principles of the off-road vehicle and SUV rental service.<\/li>\n<li style=\"font-weight: 400;\">The car model, the date of the visit to the company to physically complete the application, the period of use of the vehicle, the method of payment and other details are discussed. During the personal visit to the salon, the contract is completed and the service is paid for, usually within 10-15 minutes.<\/li>\n<li style=\"font-weight: 400;\">The transfer is made, the customer receives the car, keys, documents and leaves for his destination.<\/li>\n<\/ul>\n<p class=\"translation-block\">Welcome to our salon. We invite you to feel the maximum of the facilities and absolute comfort offered by the \"<a href=\"\/en\/\" target=\"_self\">Luxcar.md<\/a>\" company, when you rent a car for short term period in Chisinau.<\/p>\n\n\t\t<\/div>\n\t<\/div>\n<div class=\"vc_empty_space\"   style=\"height: 40px\"><span class=\"vc_empty_space_inner\"><\/span><\/div><\/div><\/div><\/div><\/div><\/div><div id=\"locations\" class=\"vc_row wpb_row vc_row-fluid om-container vc_row-full-width vc_row-stretch-content vc_row-no-padding\"><div class=\"om-container\"><div class=\"wpb_column vc_column_container vc_col-sm-12\"><div class=\"vc_column-inner\"><div class=\"wpb_wrapper\">\t<div class=\"vc_om-rental-locations\" >\n\t\t<div class=\"om-rental-locations__header\">\n\t\t\t<div class=\"om-container\">\n\t\t\t\t<div class=\"om-rental-locations__header-inner om-container__inner\">\n\t\t\t\t\t\t\t\t\t\t\t<h3 class=\"om-rental-locations__title\">Car rental stations<\/h3>\n\t\t\t\t\t\t\t\t\t\t<div class=\"om-rental-locations__selector\">\n\t\t\t\t\t\t<select class=\"om-rental-locations__select\">\n\t\t\t\t\t\t<option value=\"17\" data-address=\"Bulevardul Dacia 80\/3, Chi\u0219in\u0103u 2026, Moldova\" data-geo-lat=\"46.93530319550861\" data-geo-lng=\"28.935473949709824\">Chisinau Airport<\/option><option value=\"18\" data-address=\"Str. Arborilor 19, Chi\u0219in\u0103u, Moldova\" data-geo-lat=\"47.00439568587144\" data-geo-lng=\"28.841308099999996\">Strada Burebista 17, Chi\u0219in\u0103u, Moldova<\/option>\t\t\t\t\t\t<\/select>\n\t\t\t\t\t<\/div>\n\t\t\t\t<\/div>\n\t\t\t<\/div>\n\t\t<\/div>\n\t\t<div class=\"om-rental-locations__map\" style=\"height:370px\" data-map-zoom=\"16\" data-map-marker=\"https:\/\/luxcar.md\/wp-content\/themes\/wheelsberry\/img\/map-marker.png\"><\/div>\n\t<\/div>\n\t<\/div><\/div><\/div><\/div><\/div><div id=\"testimonials\" class=\"vc_row wpb_row vc_row-fluid om-container vc_custom_1470247299737 vc_row-has-fill vc_row-full-width\"><div class=\"om-container\"><div class=\"wpb_column vc_column_container vc_col-sm-12\"><div class=\"vc_column-inner\"><div class=\"wpb_wrapper\"><div class=\"vc_empty_space\"   style=\"height: 40px\"><span class=\"vc_empty_space_inner\"><\/span><\/div><h2  style=\"text-align: center\" class=\"vc_custom_heading\" >What our clients say about us?<\/h2><div class=\"vc_om-testimonials wpb_content_element owl-carousel\"><div class=\"om-testimonials__item\"><div class=\"om-testimonials__content\"><p>A fost prima dat\u0103 c\u00e2nd am \u00eenchiriat de la LUXCAR.MD \u0219i am fost foarte mul\u021bumi\u021bi de \u00eentreaga experien\u021b\u0103. Pre\u021bul dvs. a fost mai mic dec\u00e2t alte companii. Experien\u021ba noastr\u0103 de \u00eenchiriere a fost bun\u0103 de la \u00eenceput p\u00e2n\u0103 la sf\u00e2r\u0219it, a\u0219a c\u0103 vom reveni \u00een viitor.<\/p>\n<\/div><div class=\"om-testimonials__author\">Nicolae Cebotari, Chisinau<\/div><\/div><div class=\"om-testimonials__item\"><div class=\"om-testimonials__content\"><p>I love the service from LUXCAR.MD, however the vehicle was not of the standard of cleanliness I would expect and am accustomed to.<\/p>\n<\/div><div class=\"om-testimonials__author\">Elena Muntean, London<\/div><\/div><div class=\"om-testimonials__item\"><div class=\"om-testimonials__content\"><p>\u041f\u0440\u043e\u0444\u0435\u0441\u0441\u0438\u043e\u043d\u0430\u043b\u044c\u043d\u044b\u0435 \u0441\u043e\u0442\u0440\u0443\u0434\u043d\u0438\u043a\u0438, \u043a\u043e\u0442\u043e\u0440\u044b\u0435 \u0437\u043d\u0430\u044e\u0442, \u0447\u0442\u043e \u0434\u0435\u043b\u0430\u0442\u044c. \u041f\u043e\u0441\u043b\u0435 \u0434\u043e\u043b\u0433\u043e\u0433\u043e \u0434\u043d\u044f \u0432 \u043f\u0443\u0442\u0435\u0448\u0435\u0441\u0442\u0432\u0438\u0438, \u043e\u0431\u0449\u0435\u043d\u0438\u0435 \u0441 \u0434\u0440\u0443\u0436\u0435\u043b\u044e\u0431\u043d\u044b\u043c\u0438 \u0438 \u0432\u0435\u0436\u043b\u0438\u0432\u044b\u043c\u0438 \u043b\u044e\u0434\u044c\u043c\u0438 \u0438\u043c\u0435\u0435\u0442 \u0431\u043e\u043b\u044c\u0448\u043e\u0435 \u0437\u043d\u0430\u0447\u0435\u043d\u0438\u0435.<\/p>\n<\/div><div class=\"om-testimonials__author\">\u041e\u043b\u0435\u043a\u0441\u0430\u043d\u0434\u0440 \u041e\u0441\u0442\u0430\u043f\u0435\u043d\u043a\u043e, \u041a\u0438\u0435\u0432<\/div><\/div><\/div><\/div><\/div><\/div><\/div><\/div><div id=\"contacts\" class=\"vc_row wpb_row vc_row-fluid om-container vc_row-full-width\"><div class=\"om-container\"><div class=\"wpb_column vc_column_container vc_col-sm-12\"><div class=\"vc_column-inner\"><div class=\"wpb_wrapper\"><h2  style=\"text-align: center\" class=\"vc_custom_heading\" >Our partners<\/h2><div class=\"vc_om-logos wpb_content_element vc_om-logos-layout-full vc_om-logos-grayscale\"><div class=\"vc_om-logos-inner\"><div class=\"vc_om-logos-container\"><div class=\"vc_om-logos-item\"><div class=\"vc_om-logos-img-w\"><img loading=\"lazy\" decoding=\"async\" width=\"296\" height=\"75\" src=\"https:\/\/luxcar.md\/wp-content\/uploads\/2022\/10\/SEVEN-logo-small-partners-luxcar-e1696539398676.png\"><\/div><\/div><div class=\"vc_om-logos-item\"><div class=\"vc_om-logos-img-w\"><img loading=\"lazy\" decoding=\"async\" width=\"250\" height=\"85\" src=\"https:\/\/luxcar.md\/wp-content\/uploads\/2022\/11\/logo-deblocarea-luxcar-partners.png\"><\/div><\/div><\/div><\/div><\/div><div class=\"vc_empty_space\"   style=\"height: 20px\"><span class=\"vc_empty_space_inner\"><\/span><\/div><\/div><\/div><\/div><\/div><\/div>","protected":false},"excerpt":{"rendered":"","protected":false},"author":1,"featured_media":0,"parent":0,"menu_order":0,"comment_status":"closed","ping_status":"closed","template":"","meta":{"footnotes":""},"class_list":["post-2036","page","type-page","status-publish","hentry"],"_links":{"self":[{"href":"https:\/\/luxcar.md\/en\/wp-json\/wp\/v2\/pages\/2036","targetHints":{"allow":["GET"]}}],"collection":[{"href":"https:\/\/luxcar.md\/en\/wp-json\/wp\/v2\/pages"}],"about":[{"href":"https:\/\/luxcar.md\/en\/wp-json\/wp\/v2\/types\/page"}],"author":[{"embeddable":true,"href":"https:\/\/luxcar.md\/en\/wp-json\/wp\/v2\/users\/1"}],"replies":[{"embeddable":true,"href":"https:\/\/luxcar.md\/en\/wp-json\/wp\/v2\/comments?post=2036"}],"version-history":[{"count":8,"href":"https:\/\/luxcar.md\/en\/wp-json\/wp\/v2\/pages\/2036\/revisions"}],"predecessor-version":[{"id":4871,"href":"https:\/\/luxcar.md\/en\/wp-json\/wp\/v2\/pages\/2036\/revisions\/4871"}],"wp:attachment":[{"href":"https:\/\/luxcar.md\/en\/wp-json\/wp\/v2\/media?parent=2036"}],"curies":[{"name":"wp","href":"https:\/\/api.w.org\/{rel}","templated":true}]}}