{"id":1730,"date":"2023-10-05T18:50:01","date_gmt":"2023-10-05T16:50:01","guid":{"rendered":"http:\/\/luxcar.md\/inchiriere-minivan-2\/"},"modified":"2025-10-17T21:32:01","modified_gmt":"2025-10-17T19:32:01","slug":"premium-class-car-rental","status":"publish","type":"page","link":"https:\/\/luxcar.md\/en\/premium-class-car-rental\/","title":{"rendered":"Premium class car rental in Chisinau and Moldova"},"content":{"rendered":"<div id=\"services\" class=\"vc_row wpb_row vc_row-fluid om-container vc_row-full-width\"><div class=\"om-container\"><div class=\"wpb_column vc_column_container vc_col-sm-12\"><div class=\"vc_column-inner\"><div class=\"wpb_wrapper\">\n\t<div class=\"wpb_text_column wpb_content_element\" >\n\t\t<div class=\"wpb_wrapper\">\n\t\t\t<h1 style=\"font-weight: 400;\"><strong>Premium class car rental in Chisinau and Moldova<\/strong><\/h1>\n<p style=\"font-weight: 400;\" class=\"translation-block\">An excellent example offered for the <a href=\"\/en\/business-class-car-rental\/\" target=\"_blank\" rel=\"noopener\">rental of expensive cars<\/a> and VIP class models in Moldova is the BMW X6, which recently joined the fleet of our company, \"LUXCAR.\" Its specifications are impressive: the engine power is 258 horsepower, and it can accelerate from 0 to 100 km\/h in 6.7 seconds. It features a turbocharged diesel engine with a 3-liter capacity, a model released in 2016, and an 8-speed automatic transmission.<\/p>\n<p style=\"font-weight: 400;\">Despite these characteristics and the serious fuel consumption figures, which do not exceed 8 liters per 100 kilometers in city driving, it is truly astonishing. When compared to the BMW X5, the overall length of the body increased by just 9 millimeters, and the height by 72mm. However, the interior is comfortable and luxurious due to its lavish design and decorative details.<\/p>\n<p style=\"font-weight: 400;\" class=\"translation-block\">The interior finish is executed with German practicality: black leather seats with the same color upholstery for the roof. The car's specific features include being a <a href=\"\/en\/off-road-suv-rental\/\" target=\"_self\">prestigious SUV<\/a> that rejuvenates anyone, adding a sense of liberation and passion, while also signifying material prosperity and authority. An outstanding opportunity is currently available for all visitors to our company at a minimum cost.<\/p>\n<h2 style=\"font-weight: 400;\"><strong>Premium class and luxury car rental<\/strong><\/h2>\n<p style=\"font-weight: 400;\" class=\"translation-block\">Image, social status, reputation\u2014all these can be united under the main purpose of the model range, which is precisely what drives the rental of expensive cars. Effective means to subtly and delicately demonstrate the personal authority of a wealthy individual or a prosperous entrepreneur are scarce. Renting luxury cars is a reliable and effective way to achieve the desired outcome.<\/p>\n<p style=\"font-weight: 400;\">Business meetings, conferences, negotiations, exhibitions, or corporate events\u2014all over Moldova, renting expensive cars is a convenient opportunity to showcase individuality. Let everyone be amazed; take the chance to rent the VIP car of your dreams:<\/p>\n<ul>\n<li style=\"font-weight: 400;\">Porsche Cayenne S Hybrid<\/li>\n<li style=\"font-weight: 400;\">Porsche Cayenne S-Coupe Hybrid 2022 \u2013 intrare nou\u0103<\/li>\n<li style=\"font-weight: 400;\">BMW X5 2016 \u2013 2022 \u2013 intrare nou\u0103<\/li>\n<li style=\"font-weight: 400;\">BMW X6 2016 \u2013 2022 \u2013 intrare nou\u0103<\/li>\n<li style=\"font-weight: 400;\">Toyota Land Cruiser 200<\/li>\n<\/ul>\n<h2 style=\"font-weight: 400;\"><strong>VIP car rental available to every customer<\/strong><\/h2>\n<p style=\"font-weight: 400;\">Premium car rental in Moldova is accessible to all customers who adhere to mutually beneficial conditions. Some might believe that only the very affluent or popular individuals can use this service. In the \"LUXCAR\" showroom, with a specific deposit, each visitor can order the rental of a VIP car for a day, a week, or a month.<\/p>\n<p style=\"font-weight: 400;\">Naturally, we recommend following minimal standard rules. For instance, a practical driving experience of 5 years or more, and a minimum age of 23 years. Among the necessary documents for the contract, only an ID card or passport (for foreign citizens) and a driver's license corresponding to category B are required.<\/p>\n<p style=\"font-weight: 400;\" class=\"translation-block\">Certain cars are provided with a small deposit, primarily for repeat customers. After the first service order and the completion of the transaction, we provide <a href=\"\/en\/car-delivery-airport-chsinau\/\" target=\"_self\">free transportation of the car<\/a> from Chisinau Airport to the parking area. Consequently, anyone can order the rental of elite cars in Chisinau.<\/p>\n<p style=\"font-weight: 400;\">Welcome to the \"Luxcar.md\" showroom. Here, you can rent premium-class cars that perfectly suit your social prestige.<\/p>\n\n\t\t<\/div>\n\t<\/div>\n<div class=\"vc_empty_space\"   style=\"height: 40px\"><span class=\"vc_empty_space_inner\"><\/span><\/div><\/div><\/div><\/div><\/div><\/div><div id=\"locations\" class=\"vc_row wpb_row vc_row-fluid om-container vc_row-full-width vc_row-stretch-content vc_row-no-padding\"><div class=\"om-container\"><div class=\"wpb_column vc_column_container vc_col-sm-12\"><div class=\"vc_column-inner\"><div class=\"wpb_wrapper\">\t<div class=\"vc_om-rental-locations\" >\n\t\t<div class=\"om-rental-locations__header\">\n\t\t\t<div class=\"om-container\">\n\t\t\t\t<div class=\"om-rental-locations__header-inner om-container__inner\">\n\t\t\t\t\t\t\t\t\t\t\t<h3 class=\"om-rental-locations__title\">Car rental stations<\/h3>\n\t\t\t\t\t\t\t\t\t\t<div class=\"om-rental-locations__selector\">\n\t\t\t\t\t\t<select class=\"om-rental-locations__select\">\n\t\t\t\t\t\t<option value=\"17\" data-address=\"Bulevardul Dacia 80\/3, Chi\u0219in\u0103u 2026, Moldova\" data-geo-lat=\"46.93530319550861\" data-geo-lng=\"28.935473949709824\">Chisinau Airport<\/option><option value=\"18\" data-address=\"Str. Arborilor 19, Chi\u0219in\u0103u, Moldova\" data-geo-lat=\"47.00439568587144\" data-geo-lng=\"28.841308099999996\">Strada Burebista 17, Chi\u0219in\u0103u, Moldova<\/option>\t\t\t\t\t\t<\/select>\n\t\t\t\t\t<\/div>\n\t\t\t\t<\/div>\n\t\t\t<\/div>\n\t\t<\/div>\n\t\t<div class=\"om-rental-locations__map\" style=\"height:370px\" data-map-zoom=\"16\" data-map-marker=\"https:\/\/luxcar.md\/wp-content\/themes\/wheelsberry\/img\/map-marker.png\"><\/div>\n\t<\/div>\n\t<\/div><\/div><\/div><\/div><\/div><div id=\"testimonials\" class=\"vc_row wpb_row vc_row-fluid om-container vc_custom_1470247299737 vc_row-has-fill vc_row-full-width\"><div class=\"om-container\"><div class=\"wpb_column vc_column_container vc_col-sm-12\"><div class=\"vc_column-inner\"><div class=\"wpb_wrapper\"><div class=\"vc_empty_space\"   style=\"height: 40px\"><span class=\"vc_empty_space_inner\"><\/span><\/div><h2  style=\"text-align: center\" class=\"vc_custom_heading\" >What our clients say about us?<\/h2><div class=\"vc_om-testimonials wpb_content_element owl-carousel\"><div class=\"om-testimonials__item\"><div class=\"om-testimonials__content\"><p>A fost prima dat\u0103 c\u00e2nd am \u00eenchiriat de la LUXCAR.MD \u0219i am fost foarte mul\u021bumi\u021bi de \u00eentreaga experien\u021b\u0103. Pre\u021bul dvs. a fost mai mic dec\u00e2t alte companii. Experien\u021ba noastr\u0103 de \u00eenchiriere a fost bun\u0103 de la \u00eenceput p\u00e2n\u0103 la sf\u00e2r\u0219it, a\u0219a c\u0103 vom reveni \u00een viitor.<\/p>\n<\/div><div class=\"om-testimonials__author\">Nicolae Cebotari, Chisinau<\/div><\/div><div class=\"om-testimonials__item\"><div class=\"om-testimonials__content\"><p>I love the service from LUXCAR.MD, however the vehicle was not of the standard of cleanliness I would expect and am accustomed to.<\/p>\n<\/div><div class=\"om-testimonials__author\">Elena Muntean, London<\/div><\/div><div class=\"om-testimonials__item\"><div class=\"om-testimonials__content\"><p>\u041f\u0440\u043e\u0444\u0435\u0441\u0441\u0438\u043e\u043d\u0430\u043b\u044c\u043d\u044b\u0435 \u0441\u043e\u0442\u0440\u0443\u0434\u043d\u0438\u043a\u0438, \u043a\u043e\u0442\u043e\u0440\u044b\u0435 \u0437\u043d\u0430\u044e\u0442, \u0447\u0442\u043e \u0434\u0435\u043b\u0430\u0442\u044c. \u041f\u043e\u0441\u043b\u0435 \u0434\u043e\u043b\u0433\u043e\u0433\u043e \u0434\u043d\u044f \u0432 \u043f\u0443\u0442\u0435\u0448\u0435\u0441\u0442\u0432\u0438\u0438, \u043e\u0431\u0449\u0435\u043d\u0438\u0435 \u0441 \u0434\u0440\u0443\u0436\u0435\u043b\u044e\u0431\u043d\u044b\u043c\u0438 \u0438 \u0432\u0435\u0436\u043b\u0438\u0432\u044b\u043c\u0438 \u043b\u044e\u0434\u044c\u043c\u0438 \u0438\u043c\u0435\u0435\u0442 \u0431\u043e\u043b\u044c\u0448\u043e\u0435 \u0437\u043d\u0430\u0447\u0435\u043d\u0438\u0435.<\/p>\n<\/div><div class=\"om-testimonials__author\">\u041e\u043b\u0435\u043a\u0441\u0430\u043d\u0434\u0440 \u041e\u0441\u0442\u0430\u043f\u0435\u043d\u043a\u043e, \u041a\u0438\u0435\u0432<\/div><\/div><\/div><\/div><\/div><\/div><\/div><\/div><div id=\"contacts\" class=\"vc_row wpb_row vc_row-fluid om-container vc_row-full-width\"><div class=\"om-container\"><div class=\"wpb_column vc_column_container vc_col-sm-12\"><div class=\"vc_column-inner\"><div class=\"wpb_wrapper\"><h2  style=\"text-align: center\" class=\"vc_custom_heading\" >Our partners<\/h2><div class=\"vc_om-logos wpb_content_element vc_om-logos-layout-full vc_om-logos-grayscale\"><div class=\"vc_om-logos-inner\"><div class=\"vc_om-logos-container\"><div class=\"vc_om-logos-item\"><div class=\"vc_om-logos-img-w\"><img loading=\"lazy\" decoding=\"async\" width=\"296\" height=\"75\" src=\"https:\/\/luxcar.md\/wp-content\/uploads\/2022\/10\/SEVEN-logo-small-partners-luxcar-e1696539398676.png\"><\/div><\/div><div class=\"vc_om-logos-item\"><div class=\"vc_om-logos-img-w\"><img loading=\"lazy\" decoding=\"async\" width=\"250\" height=\"85\" src=\"https:\/\/luxcar.md\/wp-content\/uploads\/2022\/11\/logo-deblocarea-luxcar-partners.png\"><\/div><\/div><\/div><\/div><\/div><div class=\"vc_empty_space\"   style=\"height: 20px\"><span class=\"vc_empty_space_inner\"><\/span><\/div><\/div><\/div><\/div><\/div><\/div>","protected":false},"excerpt":{"rendered":"","protected":false},"author":1,"featured_media":0,"parent":0,"menu_order":0,"comment_status":"closed","ping_status":"closed","template":"","meta":{"footnotes":""},"class_list":["post-1730","page","type-page","status-publish","hentry"],"_links":{"self":[{"href":"https:\/\/luxcar.md\/en\/wp-json\/wp\/v2\/pages\/1730","targetHints":{"allow":["GET"]}}],"collection":[{"href":"https:\/\/luxcar.md\/en\/wp-json\/wp\/v2\/pages"}],"about":[{"href":"https:\/\/luxcar.md\/en\/wp-json\/wp\/v2\/types\/page"}],"author":[{"embeddable":true,"href":"https:\/\/luxcar.md\/en\/wp-json\/wp\/v2\/users\/1"}],"replies":[{"embeddable":true,"href":"https:\/\/luxcar.md\/en\/wp-json\/wp\/v2\/comments?post=1730"}],"version-history":[{"count":11,"href":"https:\/\/luxcar.md\/en\/wp-json\/wp\/v2\/pages\/1730\/revisions"}],"predecessor-version":[{"id":4869,"href":"https:\/\/luxcar.md\/en\/wp-json\/wp\/v2\/pages\/1730\/revisions\/4869"}],"wp:attachment":[{"href":"https:\/\/luxcar.md\/en\/wp-json\/wp\/v2\/media?parent=1730"}],"curies":[{"name":"wp","href":"https:\/\/api.w.org\/{rel}","templated":true}]}}