{"id":1690,"date":"2023-10-05T18:50:01","date_gmt":"2023-10-05T16:50:01","guid":{"rendered":"http:\/\/luxcar.md\/inchiriere-masini-clasa-business-2\/"},"modified":"2025-10-17T21:32:49","modified_gmt":"2025-10-17T19:32:49","slug":"minivan-rental","status":"publish","type":"page","link":"https:\/\/luxcar.md\/en\/minivan-rental\/","title":{"rendered":"Minibuses and Minivan Rental in Chisinau And Moldova"},"content":{"rendered":"<div id=\"services\" class=\"vc_row wpb_row vc_row-fluid om-container vc_row-full-width\"><div class=\"om-container\"><div class=\"wpb_column vc_column_container vc_col-sm-12\"><div class=\"vc_column-inner\"><div class=\"wpb_wrapper\">\n\t<div class=\"wpb_text_column wpb_content_element\" >\n\t\t<div class=\"wpb_wrapper\">\n\t\t\t<h1 style=\"font-weight: 400;\"><strong>Minibuses and Minivans Rental in Chisinau And Moldova<\/strong><\/h1>\n<p style=\"font-weight: 400;\">In certain cases, it's easier to use a rented vehicle rather than your own. Renting minivan , minibus or commercial transportation is appropriate for those who simply do not have their own vehicle for moving around the cities of Chisinau, Balti, Comrat, and Cahul. For those with a valid driver's license, an opportunity is provided to rent a minivan, minibus or commercial vehicle without a driver, accommodating 7, 8, or 9 seating places.<\/p>\n<p style=\"font-weight: 400;\" class=\"translation-block\">The advantages of <a href=\"\/en\/car-rental-without-driver\/\" target=\"_self\">renting a minibus without a driver<\/a> are clear and obvious:<\/p>\n<ul>\n<li style=\"font-weight: 400;\">Cost-effectiveness (less than renting with a chauffeur)<\/li>\n<li style=\"font-weight: 400;\">Maximum capacity, accommodating even 7, 8, or 9 passenger seats with seated passengers.<\/li>\n<li style=\"font-weight: 400;\">There is no unfamiliar person in the confined space of the vehicle cabin.<\/li>\n<li style=\"font-weight: 400;\">The right to modify the planned route and create your own travel plan.<\/li>\n<li style=\"font-weight: 400;\">The atmosphere during the journey will be more relaxed, conversations with fellow travelers more immediate. Additionally, this rental can be seen as an original way to test or evaluate a specific category of vehicle, especially if considering the purchase of that vehicle.<\/li>\n<\/ul>\n<h2 style=\"font-weight: 400;\"><strong>Which vehicles do we offer for minibus and minivans rental?<\/strong><\/h2>\n<p style=\"font-weight: 400;\">Renting minibus, minivan or commercial vehicles without a driver is a favorable opportunity to refresh your driving experience in Moldova.<\/p>\n<p style=\"font-weight: 400;\">You can rent affordable vehicles with 7, 8, or 9 seating places from us, including:<\/p>\n<ul>\n<li style=\"font-weight: 400;\">Mercedes Viano<\/li>\n<li style=\"font-weight: 400;\">Mercedes V220D<\/li>\n<li style=\"font-weight: 400;\">Mercedes Vito<\/li>\n<\/ul>\n<p style=\"font-weight: 400;\" class=\"translation-block\">Using the vehicle for a few days is highly practical and economical, as it's cost-effective and eliminates the need to worry about maintenance, repairs, parking spaces, or parking fees. In Moldova, renting minivan, minibus or a commercial vehicle with 7 seats caters to all requirements, interests, desires, and financial resources. It's an affordable and <a href=\"\/en\/cheap-car-rental-chisinau\/\" target=\"_self\">accessible rental option<\/a>.<\/p>\n<h2 style=\"font-weight: 400;\"><strong>When is it advantageous to rent a minivan in Moldova?<\/strong><\/h2>\n<p style=\"font-weight: 400;\">It's practical to rent a minibus for weddings, excursions, moving to a new home, transporting goods, heavy items, and bulky belongings. If your personal vehicle is undergoing repairs and using public transportation is inconvenient, the simplest solution is to rent a minibus.<\/p>\n<p style=\"font-weight: 400;\" class=\"translation-block\">From time to time, it's necessary to rent a microbus at an affordable price as a replacement for larger vehicles located in the dealership's parking lot.<\/p>\n<p style=\"font-weight: 400;\">The rules for concluding the contract are straightforward and standard: providing an ID or passport (for foreign citizens), a valid driver's license for the corresponding category, and depositing a sum as security. Payments and settlements can be made through bank cards, electronic payment systems, or cash.<\/p>\n<p style=\"font-weight: 400;\">In any scenario, the rental price for the minibus is budget-friendly and directly depends on the type of vehicle and the duration of use. The rental period is discussed on-site: from 2-3 hours and beyond (a day, a week, a month, a year). A loyalty program and participation in promotions are available. Pleasant bonuses and significant discounts are provided.<\/p>\n<div dir=\"auto\">\n<p class=\"translation-block\">Welcome to our salon.  We invite you to feel the maximum of the facilities and absolute comfort offered by the \"Luxcar.md\" company, when you rent a car for <a href=\"\/en\/long-term-car-rentals\/\" target=\"_self\">long term period<\/a> in Chisinau.<\/p>\n<\/div>\n\n\t\t<\/div>\n\t<\/div>\n<div class=\"vc_empty_space\"   style=\"height: 40px\"><span class=\"vc_empty_space_inner\"><\/span><\/div><\/div><\/div><\/div><\/div><\/div><div id=\"locations\" class=\"vc_row wpb_row vc_row-fluid om-container vc_row-full-width vc_row-stretch-content vc_row-no-padding\"><div class=\"om-container\"><div class=\"wpb_column vc_column_container vc_col-sm-12\"><div class=\"vc_column-inner\"><div class=\"wpb_wrapper\">\t<div class=\"vc_om-rental-locations\" >\n\t\t<div class=\"om-rental-locations__header\">\n\t\t\t<div class=\"om-container\">\n\t\t\t\t<div class=\"om-rental-locations__header-inner om-container__inner\">\n\t\t\t\t\t\t\t\t\t\t\t<h3 class=\"om-rental-locations__title\">Car rental stations<\/h3>\n\t\t\t\t\t\t\t\t\t\t<div class=\"om-rental-locations__selector\">\n\t\t\t\t\t\t<select class=\"om-rental-locations__select\">\n\t\t\t\t\t\t<option value=\"17\" data-address=\"Bulevardul Dacia 80\/3, Chi\u0219in\u0103u 2026, Moldova\" data-geo-lat=\"46.93530319550861\" data-geo-lng=\"28.935473949709824\">Chisinau Airport<\/option><option value=\"18\" data-address=\"Str. Arborilor 19, Chi\u0219in\u0103u, Moldova\" data-geo-lat=\"47.00439568587144\" data-geo-lng=\"28.841308099999996\">Strada Burebista 17, Chi\u0219in\u0103u, Moldova<\/option>\t\t\t\t\t\t<\/select>\n\t\t\t\t\t<\/div>\n\t\t\t\t<\/div>\n\t\t\t<\/div>\n\t\t<\/div>\n\t\t<div class=\"om-rental-locations__map\" style=\"height:370px\" data-map-zoom=\"16\" data-map-marker=\"https:\/\/luxcar.md\/wp-content\/themes\/wheelsberry\/img\/map-marker.png\"><\/div>\n\t<\/div>\n\t<\/div><\/div><\/div><\/div><\/div><div id=\"testimonials\" class=\"vc_row wpb_row vc_row-fluid om-container vc_custom_1470247299737 vc_row-has-fill vc_row-full-width\"><div class=\"om-container\"><div class=\"wpb_column vc_column_container vc_col-sm-12\"><div class=\"vc_column-inner\"><div class=\"wpb_wrapper\"><div class=\"vc_empty_space\"   style=\"height: 40px\"><span class=\"vc_empty_space_inner\"><\/span><\/div><h2  style=\"text-align: center\" class=\"vc_custom_heading\" >What our clients say about us?<\/h2><div class=\"vc_om-testimonials wpb_content_element owl-carousel\"><div class=\"om-testimonials__item\"><div class=\"om-testimonials__content\"><p>A fost prima dat\u0103 c\u00e2nd am \u00eenchiriat de la LUXCAR.MD \u0219i am fost foarte mul\u021bumi\u021bi de \u00eentreaga experien\u021b\u0103. Pre\u021bul dvs. a fost mai mic dec\u00e2t alte companii. Experien\u021ba noastr\u0103 de \u00eenchiriere a fost bun\u0103 de la \u00eenceput p\u00e2n\u0103 la sf\u00e2r\u0219it, a\u0219a c\u0103 vom reveni \u00een viitor.<\/p>\n<\/div><div class=\"om-testimonials__author\">Nicolae Cebotari, Chisinau<\/div><\/div><div class=\"om-testimonials__item\"><div class=\"om-testimonials__content\"><p>I love the service from LUXCAR.MD, however the vehicle was not of the standard of cleanliness I would expect and am accustomed to.<\/p>\n<\/div><div class=\"om-testimonials__author\">Elena Muntean, London<\/div><\/div><div class=\"om-testimonials__item\"><div class=\"om-testimonials__content\"><p>\u041f\u0440\u043e\u0444\u0435\u0441\u0441\u0438\u043e\u043d\u0430\u043b\u044c\u043d\u044b\u0435 \u0441\u043e\u0442\u0440\u0443\u0434\u043d\u0438\u043a\u0438, \u043a\u043e\u0442\u043e\u0440\u044b\u0435 \u0437\u043d\u0430\u044e\u0442, \u0447\u0442\u043e \u0434\u0435\u043b\u0430\u0442\u044c. \u041f\u043e\u0441\u043b\u0435 \u0434\u043e\u043b\u0433\u043e\u0433\u043e \u0434\u043d\u044f \u0432 \u043f\u0443\u0442\u0435\u0448\u0435\u0441\u0442\u0432\u0438\u0438, \u043e\u0431\u0449\u0435\u043d\u0438\u0435 \u0441 \u0434\u0440\u0443\u0436\u0435\u043b\u044e\u0431\u043d\u044b\u043c\u0438 \u0438 \u0432\u0435\u0436\u043b\u0438\u0432\u044b\u043c\u0438 \u043b\u044e\u0434\u044c\u043c\u0438 \u0438\u043c\u0435\u0435\u0442 \u0431\u043e\u043b\u044c\u0448\u043e\u0435 \u0437\u043d\u0430\u0447\u0435\u043d\u0438\u0435.<\/p>\n<\/div><div class=\"om-testimonials__author\">\u041e\u043b\u0435\u043a\u0441\u0430\u043d\u0434\u0440 \u041e\u0441\u0442\u0430\u043f\u0435\u043d\u043a\u043e, \u041a\u0438\u0435\u0432<\/div><\/div><\/div><\/div><\/div><\/div><\/div><\/div><div id=\"contacts\" class=\"vc_row wpb_row vc_row-fluid om-container vc_row-full-width\"><div class=\"om-container\"><div class=\"wpb_column vc_column_container vc_col-sm-12\"><div class=\"vc_column-inner\"><div class=\"wpb_wrapper\"><h2  style=\"text-align: center\" class=\"vc_custom_heading\" >Our partners<\/h2><div class=\"vc_om-logos wpb_content_element vc_om-logos-layout-full vc_om-logos-grayscale\"><div class=\"vc_om-logos-inner\"><div class=\"vc_om-logos-container\"><div class=\"vc_om-logos-item\"><div class=\"vc_om-logos-img-w\"><img loading=\"lazy\" decoding=\"async\" width=\"296\" height=\"75\" src=\"https:\/\/luxcar.md\/wp-content\/uploads\/2022\/10\/SEVEN-logo-small-partners-luxcar-e1696539398676.png\"><\/div><\/div><div class=\"vc_om-logos-item\"><div class=\"vc_om-logos-img-w\"><img loading=\"lazy\" decoding=\"async\" width=\"250\" height=\"85\" src=\"https:\/\/luxcar.md\/wp-content\/uploads\/2022\/11\/logo-deblocarea-luxcar-partners.png\"><\/div><\/div><\/div><\/div><\/div><div class=\"vc_empty_space\"   style=\"height: 20px\"><span class=\"vc_empty_space_inner\"><\/span><\/div><\/div><\/div><\/div><\/div><\/div>","protected":false},"excerpt":{"rendered":"","protected":false},"author":1,"featured_media":0,"parent":0,"menu_order":0,"comment_status":"closed","ping_status":"closed","template":"","meta":{"footnotes":""},"class_list":["post-1690","page","type-page","status-publish","hentry"],"_links":{"self":[{"href":"https:\/\/luxcar.md\/en\/wp-json\/wp\/v2\/pages\/1690","targetHints":{"allow":["GET"]}}],"collection":[{"href":"https:\/\/luxcar.md\/en\/wp-json\/wp\/v2\/pages"}],"about":[{"href":"https:\/\/luxcar.md\/en\/wp-json\/wp\/v2\/types\/page"}],"author":[{"embeddable":true,"href":"https:\/\/luxcar.md\/en\/wp-json\/wp\/v2\/users\/1"}],"replies":[{"embeddable":true,"href":"https:\/\/luxcar.md\/en\/wp-json\/wp\/v2\/comments?post=1690"}],"version-history":[{"count":14,"href":"https:\/\/luxcar.md\/en\/wp-json\/wp\/v2\/pages\/1690\/revisions"}],"predecessor-version":[{"id":49693,"href":"https:\/\/luxcar.md\/en\/wp-json\/wp\/v2\/pages\/1690\/revisions\/49693"}],"wp:attachment":[{"href":"https:\/\/luxcar.md\/en\/wp-json\/wp\/v2\/media?parent=1690"}],"curies":[{"name":"wp","href":"https:\/\/api.w.org\/{rel}","templated":true}]}}