{"id":1473,"date":"2023-08-26T18:40:01","date_gmt":"2023-08-26T16:40:01","guid":{"rendered":"http:\/\/luxcar.md\/livrare-masinilor-aeroport-chisinau-2\/"},"modified":"2025-10-17T21:35:13","modified_gmt":"2025-10-17T19:35:13","slug":"car-rental-without-driver","status":"publish","type":"page","link":"https:\/\/luxcar.md\/en\/car-rental-without-driver\/","title":{"rendered":"Car rental without driver in Moldova"},"content":{"rendered":"<div id=\"services\" class=\"vc_row wpb_row vc_row-fluid om-container vc_row-full-width\"><div class=\"om-container\"><div class=\"wpb_column vc_column_container vc_col-sm-12\"><div class=\"vc_column-inner\"><div class=\"wpb_wrapper\">\n\t<div class=\"wpb_text_column wpb_content_element\" >\n\t\t<div class=\"wpb_wrapper\">\n\t\t\t<h1 dir=\"auto\">Car rental without a driver in Chisinau<\/h1>\n<div dir=\"auto\">\n<p style=\"font-weight: 400;\">The 'Luxcar.md' showroom offers car rental services without a driver. To ensure high quality of services and to offer a wide range of options, the company has a parking facility with top brands from the global automotive industry.<\/p>\n<p style=\"font-weight: 400;\">All vehicles are divided into customer categories:<\/p>\n<ul>\n<li style=\"font-weight: 400;\">Economy class - starting at 25 euros per day<\/li>\n<li style=\"font-weight: 400;\">Midsize class - starting at 35 euros per day<\/li>\n<li style=\"font-weight: 400;\">Business class - starting at 45 euros per day<\/li>\n<li style=\"font-weight: 400;\">Off-road vehicles - starting at 35 euros per day<\/li>\n<li>Minivans and minibuses \u2013 starting at 70 euros per day.<\/li>\n<li style=\"font-weight: 400;\">Commercial vehicles - starting at 25 euros per day<\/li>\n<li style=\"font-weight: 400;\">VIP cars - starting at 75 euros per day<\/li>\n<\/ul>\n<p style=\"font-weight: 400;\">This segmentation allows for the complete provision of self-driven car rental services. Each group of cars reflects the purchasing power and preferences of customers with different rental plans. Moreover, the plans themselves can be segmented based on distinctive characteristics.<\/p>\n<h2 style=\"font-weight: 400;\"><strong>Why is the self-driven car rental service so popular?<\/strong><\/h2>\n<ul>\n<li style=\"font-weight: 400;\">Due to the absence of a personal vehicle for various reasons (malfunctions, repairs, etc.)<\/li>\n<li style=\"font-weight: 400;\">Because of a busy schedule with personal and business meetings<\/li>\n<li style=\"font-weight: 400;\">To communicate with relatives, friends, guests, or business partners<\/li>\n<li style=\"font-weight: 400;\">For trips outside the city for tourism and recreation in nature<\/li>\n<li style=\"font-weight: 400;\">For road trips with friends<\/li>\n<li style=\"font-weight: 400;\" class=\"translation-block\"><a href=\"\/en\/long-term-car-rentals\/\" target=\"_self\">Long-term car rental<\/a>  is widely practiced and popular among affluent individuals, especially in the VIP category, as well as in the commercial sphere, where renting is beneficial and very practical for entrepreneurs and businesspeople<\/li>\n<li style=\"font-weight: 400;\">For reputation events to enhance image, advertising campaigns, representative tasks, and VIP events<\/li>\n<li style=\"font-weight: 400;\" class=\"translation-block\">For rich experiences, to perform experimental test drives, and to drive powerful cars, jeeps, and to rent off-road vehicle and SUV. This is primarily a choice of the youth.<\/li>\n<\/ul>\n<h2>Loyalty Program for Company's Loyal Customers<\/h2>\n<p style=\"font-weight: 400;\" class=\"translation-block\">In the \"Luxcar\" showroom, pleasant bonuses are available for long-term car rentals. These bonuses can be obtained not only in monetary terms but also in the form of a 30% or higher discount off the daily rental price. The company has an active loyalty program for loyal customers. Regular customers receive preferential treatment, complete technical support, and in difficult situations during the rental period, legal assistance can be provided and more. When new models appear, these customers are informed first.<\/p>\n<p class=\"translation-block\">We recommend you consult the \u00ab<a href=\"\/en\/faqs\/\" target=\"_self\">Frequently asked questions<\/a>\u00bb section, before renting a car. You can also find out details and rental conditions from our operators.<\/p>\n<p style=\"font-weight: 400;\">All vehicles available for self-driven rental are in excellent technical condition, are delivered with a full tank of fuel, clean and washed, with all the necessary vehicle documents. An important point is that most contracts include a comfortable deposit for customers! Deviations from this rule are possible only in the VIP segment, where the most expensive cars are offered.<\/p>\n<p style=\"font-weight: 400;\">Renting a car without a driver in Chi\u0219in\u0103u through our showroom becomes a pleasant and comfortable experience. Our internal policy is based on the principles of professional ethics and good behavior, which has allowed us to quickly gain consumer trust and, most importantly, gratitude.<\/p>\n<p style=\"font-weight: 400;\">Welcome to our company. We invite you to rent a car without a driver in Moldova at the \"Luxcar.md\" showroom and experience unlimited freedom and high-quality service.<\/p>\n<p class=\"translation-block\">Welcome to our salon. We invite you to feel the maximum of the facilities and absolute comfort offered by the \"<a href=\"\/en\/\" target=\"_self\">Luxcar.md<\/a>\" company, when you rent a car for short term period in Chisinau.<\/p>\n<\/div>\n\n\t\t<\/div>\n\t<\/div>\n<div class=\"vc_empty_space\"   style=\"height: 40px\"><span class=\"vc_empty_space_inner\"><\/span><\/div><\/div><\/div><\/div><\/div><\/div><div id=\"locations\" class=\"vc_row wpb_row vc_row-fluid om-container vc_row-full-width vc_row-stretch-content vc_row-no-padding\"><div class=\"om-container\"><div class=\"wpb_column vc_column_container vc_col-sm-12\"><div class=\"vc_column-inner\"><div class=\"wpb_wrapper\">\t<div class=\"vc_om-rental-locations\" >\n\t\t<div class=\"om-rental-locations__header\">\n\t\t\t<div class=\"om-container\">\n\t\t\t\t<div class=\"om-rental-locations__header-inner om-container__inner\">\n\t\t\t\t\t\t\t\t\t\t\t<h3 class=\"om-rental-locations__title\">Car rental stations<\/h3>\n\t\t\t\t\t\t\t\t\t\t<div class=\"om-rental-locations__selector\">\n\t\t\t\t\t\t<select class=\"om-rental-locations__select\">\n\t\t\t\t\t\t<option value=\"17\" data-address=\"Bulevardul Dacia 80\/3, Chi\u0219in\u0103u 2026, Moldova\" data-geo-lat=\"46.93530319550861\" data-geo-lng=\"28.935473949709824\">Chisinau Airport<\/option><option value=\"18\" data-address=\"Str. Arborilor 19, Chi\u0219in\u0103u, Moldova\" data-geo-lat=\"47.00439568587144\" data-geo-lng=\"28.841308099999996\">Strada Burebista 17, Chi\u0219in\u0103u, Moldova<\/option>\t\t\t\t\t\t<\/select>\n\t\t\t\t\t<\/div>\n\t\t\t\t<\/div>\n\t\t\t<\/div>\n\t\t<\/div>\n\t\t<div class=\"om-rental-locations__map\" style=\"height:370px\" data-map-zoom=\"16\" data-map-marker=\"https:\/\/luxcar.md\/wp-content\/themes\/wheelsberry\/img\/map-marker.png\"><\/div>\n\t<\/div>\n\t<\/div><\/div><\/div><\/div><\/div><div id=\"testimonials\" class=\"vc_row wpb_row vc_row-fluid om-container vc_custom_1470247299737 vc_row-has-fill vc_row-full-width\"><div class=\"om-container\"><div class=\"wpb_column vc_column_container vc_col-sm-12\"><div class=\"vc_column-inner\"><div class=\"wpb_wrapper\"><div class=\"vc_empty_space\"   style=\"height: 40px\"><span class=\"vc_empty_space_inner\"><\/span><\/div><h2  style=\"text-align: center\" class=\"vc_custom_heading\" >What our clients say about us?<\/h2><div class=\"vc_om-testimonials wpb_content_element owl-carousel\"><div class=\"om-testimonials__item\"><div class=\"om-testimonials__content\"><p>A fost prima dat\u0103 c\u00e2nd am \u00eenchiriat de la LUXCAR.MD \u0219i am fost foarte mul\u021bumi\u021bi de \u00eentreaga experien\u021b\u0103. Pre\u021bul dvs. a fost mai mic dec\u00e2t alte companii. Experien\u021ba noastr\u0103 de \u00eenchiriere a fost bun\u0103 de la \u00eenceput p\u00e2n\u0103 la sf\u00e2r\u0219it, a\u0219a c\u0103 vom reveni \u00een viitor.<\/p>\n<\/div><div class=\"om-testimonials__author\">Nicolae Cebotari, Chisinau<\/div><\/div><div class=\"om-testimonials__item\"><div class=\"om-testimonials__content\"><p>I love the service from LUXCAR.MD, however the vehicle was not of the standard of cleanliness I would expect and am accustomed to.<\/p>\n<\/div><div class=\"om-testimonials__author\">Elena Muntean, London<\/div><\/div><div class=\"om-testimonials__item\"><div class=\"om-testimonials__content\"><p>\u041f\u0440\u043e\u0444\u0435\u0441\u0441\u0438\u043e\u043d\u0430\u043b\u044c\u043d\u044b\u0435 \u0441\u043e\u0442\u0440\u0443\u0434\u043d\u0438\u043a\u0438, \u043a\u043e\u0442\u043e\u0440\u044b\u0435 \u0437\u043d\u0430\u044e\u0442, \u0447\u0442\u043e \u0434\u0435\u043b\u0430\u0442\u044c. \u041f\u043e\u0441\u043b\u0435 \u0434\u043e\u043b\u0433\u043e\u0433\u043e \u0434\u043d\u044f \u0432 \u043f\u0443\u0442\u0435\u0448\u0435\u0441\u0442\u0432\u0438\u0438, \u043e\u0431\u0449\u0435\u043d\u0438\u0435 \u0441 \u0434\u0440\u0443\u0436\u0435\u043b\u044e\u0431\u043d\u044b\u043c\u0438 \u0438 \u0432\u0435\u0436\u043b\u0438\u0432\u044b\u043c\u0438 \u043b\u044e\u0434\u044c\u043c\u0438 \u0438\u043c\u0435\u0435\u0442 \u0431\u043e\u043b\u044c\u0448\u043e\u0435 \u0437\u043d\u0430\u0447\u0435\u043d\u0438\u0435.<\/p>\n<\/div><div class=\"om-testimonials__author\">\u041e\u043b\u0435\u043a\u0441\u0430\u043d\u0434\u0440 \u041e\u0441\u0442\u0430\u043f\u0435\u043d\u043a\u043e, \u041a\u0438\u0435\u0432<\/div><\/div><\/div><\/div><\/div><\/div><\/div><\/div><div id=\"contacts\" class=\"vc_row wpb_row vc_row-fluid om-container vc_row-full-width\"><div class=\"om-container\"><div class=\"wpb_column vc_column_container vc_col-sm-12\"><div class=\"vc_column-inner\"><div class=\"wpb_wrapper\"><h2  style=\"text-align: center\" class=\"vc_custom_heading\" >Our partners<\/h2><div class=\"vc_om-logos wpb_content_element vc_om-logos-layout-full vc_om-logos-grayscale\"><div class=\"vc_om-logos-inner\"><div class=\"vc_om-logos-container\"><div class=\"vc_om-logos-item\"><div class=\"vc_om-logos-img-w\"><img loading=\"lazy\" decoding=\"async\" width=\"296\" height=\"75\" src=\"https:\/\/luxcar.md\/wp-content\/uploads\/2022\/10\/SEVEN-logo-small-partners-luxcar-e1696539398676.png\"><\/div><\/div><div class=\"vc_om-logos-item\"><div class=\"vc_om-logos-img-w\"><img loading=\"lazy\" decoding=\"async\" width=\"250\" height=\"85\" src=\"https:\/\/luxcar.md\/wp-content\/uploads\/2022\/11\/logo-deblocarea-luxcar-partners.png\"><\/div><\/div><\/div><\/div><\/div><div class=\"vc_empty_space\"   style=\"height: 20px\"><span class=\"vc_empty_space_inner\"><\/span><\/div><\/div><\/div><\/div><\/div><\/div>","protected":false},"excerpt":{"rendered":"","protected":false},"author":1,"featured_media":0,"parent":0,"menu_order":0,"comment_status":"closed","ping_status":"closed","template":"","meta":{"footnotes":""},"class_list":["post-1473","page","type-page","status-publish","hentry"],"_links":{"self":[{"href":"https:\/\/luxcar.md\/en\/wp-json\/wp\/v2\/pages\/1473","targetHints":{"allow":["GET"]}}],"collection":[{"href":"https:\/\/luxcar.md\/en\/wp-json\/wp\/v2\/pages"}],"about":[{"href":"https:\/\/luxcar.md\/en\/wp-json\/wp\/v2\/types\/page"}],"author":[{"embeddable":true,"href":"https:\/\/luxcar.md\/en\/wp-json\/wp\/v2\/users\/1"}],"replies":[{"embeddable":true,"href":"https:\/\/luxcar.md\/en\/wp-json\/wp\/v2\/comments?post=1473"}],"version-history":[{"count":15,"href":"https:\/\/luxcar.md\/en\/wp-json\/wp\/v2\/pages\/1473\/revisions"}],"predecessor-version":[{"id":49694,"href":"https:\/\/luxcar.md\/en\/wp-json\/wp\/v2\/pages\/1473\/revisions\/49694"}],"wp:attachment":[{"href":"https:\/\/luxcar.md\/en\/wp-json\/wp\/v2\/media?parent=1473"}],"curies":[{"name":"wp","href":"https:\/\/api.w.org\/{rel}","templated":true}]}}